{"id":16950,"date":"2023-04-24T13:46:49","date_gmt":"2023-04-24T11:46:49","guid":{"rendered":"https:\/\/visithoogstraten.be\/?page_id=16950"},"modified":"2023-04-24T13:46:50","modified_gmt":"2023-04-24T11:46:50","slug":"stationnement","status":"publish","type":"page","link":"https:\/\/visithoogstraten.be\/fr\/planifier-votre-visite\/stationnement\/","title":{"rendered":"Stationnement"},"content":{"rendered":"\n<p><strong>Vous venez \u00e0 Hoogstraten en voiture?<\/strong> Vous pouvez alors vous garer dans le centre-ville et \u00e0 proximit\u00e9. Pour un stationnement de longue dur\u00e9e, vous pouvez vous garer dans plusieurs parkings situ\u00e9s \u00e0 distance de marche du centre. Vous pouvez \u00e9galement choisir une place de stationnement plus proche dans la rue principale &lsquo;De Vrijheid&rsquo;. Veuillez tenir compte du fait que vous avez besoin d&rsquo;un disque de stationnement (\u2018blauwe kaart\u2019) qui vous permet de vous garer gratuitement pendant deux heures.<\/p>\n\n\n\n<div class=\"wp-block-media-text alignwide is-stacked-on-mobile\"><figure class=\"wp-block-media-text__media\"><img loading=\"lazy\" width=\"800\" height=\"600\" src=\"https:\/\/cdn.visithoogstraten.be\/20210916113016\/2021-06-20-Hoogstraten-020_websize-800x600.jpg\" alt=\"Aardbei\" class=\"wp-image-7263 size-full\" srcset=\"https:\/\/cdn.visithoogstraten.be\/20210916113016\/2021-06-20-Hoogstraten-020_websize-800x600.jpg 800w, https:\/\/cdn.visithoogstraten.be\/20210916113016\/2021-06-20-Hoogstraten-020_websize-300x225.jpg 300w\" sizes=\"(max-width: 800px) 100vw, 800px\" \/><\/figure><div class=\"wp-block-media-text__content\">\n<p class=\"has-large-font-size\">Stationnement longue dur\u00e9e<\/p>\n\n\n\n<p>\u00c0 proximit\u00e9 du centre, vous trouverez deux parkings o\u00f9 vous pourrez stationner pendant plus de deux heures.<\/p>\n\n\n\n<p><a href=\"https:\/\/www.google.be\/maps\/place\/Parking+Jan+Van+Cuyck,+Jan+van+Cuyckstraat,+2320+Hoogstraten\/@51.3979539,4.7621039,17z\/data=!3m1!4b1!4m6!3m5!1s0x47c6a88d2dafa6df:0x566607d46b0ead99!8m2!3d51.3979953!4d4.7620592!16s%2Fg%2F11bvtld5pj\" target=\"_blank\" rel=\"noreferrer noopener\">Parking Van Cuyck<\/a> \u00e0 Jan Van Cuyckstraat<br><a href=\"https:\/\/www.google.be\/maps\/place\/Parochiezaal+Pax+Hoogstraten\/@51.4001702,4.7633462,17z\/data=!3m1!4b1!4m6!3m5!1s0x47c6a88daf222cb9:0xefc2620b4bd586fb!8m2!3d51.4001702!4d4.7633462!16s%2Fg%2F1pxwklv0l?hl=nl\" target=\"_blank\" rel=\"noreferrer noopener\">Parking<\/a> \u00e0 Dokter Versmissenstraat (zaal Pax)<\/p>\n<\/div><\/div>\n\n\n\n<div class=\"wp-block-media-text alignwide has-media-on-the-right is-stacked-on-mobile\"><figure class=\"wp-block-media-text__media\"><img loading=\"lazy\" width=\"800\" height=\"600\" src=\"https:\/\/cdn.visithoogstraten.be\/20210915123159\/2021-09-14-Hoogstraten-Gebouwen-024_websize-1-800x600.jpg\" alt=\"Stadhuis Hoogstraten\" class=\"wp-image-7192 size-full\" srcset=\"https:\/\/cdn.visithoogstraten.be\/20210915123159\/2021-09-14-Hoogstraten-Gebouwen-024_websize-1-800x600.jpg 800w, https:\/\/cdn.visithoogstraten.be\/20210915123159\/2021-09-14-Hoogstraten-Gebouwen-024_websize-1-300x225.jpg 300w\" sizes=\"(max-width: 800px) 100vw, 800px\" \/><\/figure><div class=\"wp-block-media-text__content\">\n<p class=\"has-large-font-size\">Stationnement de courte dur\u00e9e<\/p>\n\n\n\n<p>L&rsquo;ensemble du centre-ville est une zone bleue, ce qui signifie que vous pouvez vous garer avec un disque de stationnement pendant deux heures. Vous devez afficher le disque de stationnement du lundi au samedi, entre 9 h et 18 h, et ce pour une dur\u00e9e maximale de deux heures.<\/p>\n\n\n\n<div class=\"wp-block-buttons\">\n<div class=\"wp-block-button\"><a class=\"wp-block-button__link\" href=\"https:\/\/cdn.visithoogstraten.be\/20220720122311\/aangepast_blauwe_zone_parkeren.pdf\" target=\"_blank\" rel=\"noreferrer noopener\">Zone bleue<\/a><\/div>\n<\/div>\n<\/div><\/div>\n","protected":false},"excerpt":{"rendered":"<p>Vous venez \u00e0 Hoogstraten en voiture? Vous pouvez&#8230;<\/p>\n","protected":false},"author":1,"featured_media":2263,"parent":16942,"menu_order":0,"comment_status":"closed","ping_status":"closed","template":"","meta":[],"acf":[],"yoast_head":"<!-- This site is optimized with the Yoast SEO plugin v17.7.1 - https:\/\/yoast.com\/wordpress\/plugins\/seo\/ -->\n<meta name=\"robots\" content=\"index, follow, max-snippet:-1, max-image-preview:large, max-video-preview:-1\" \/>\n<link rel=\"canonical\" href=\"https:\/\/visithoogstraten.be\/fr\/planifier-votre-visite\/stationnement\/\" \/>\n<meta property=\"og:locale\" content=\"fr_FR\" \/>\n<meta property=\"og:type\" content=\"article\" \/>\n<meta property=\"og:title\" content=\"Stationnement | VisitHoogstraten\" \/>\n<meta property=\"og:description\" content=\"Vous venez \u00e0 Hoogstraten en voiture? Vous pouvez...\" \/>\n<meta property=\"og:url\" content=\"https:\/\/visithoogstraten.be\/fr\/planifier-votre-visite\/stationnement\/\" \/>\n<meta property=\"og:site_name\" content=\"VisitHoogstraten\" \/>\n<meta property=\"article:publisher\" content=\"https:\/\/www.facebook.com\/visithoogstraten\" \/>\n<meta property=\"article:modified_time\" content=\"2023-04-24T11:46:50+00:00\" \/>\n<meta property=\"og:image\" content=\"https:\/\/cdn.visithoogstraten.be\/20210622061002\/2021-Hoogstraten-Bezienswaardigheden-002_websize-e1624888199239.jpg\" \/>\n\t<meta property=\"og:image:width\" content=\"1600\" \/>\n\t<meta property=\"og:image:height\" content=\"1067\" \/>\n<meta name=\"twitter:card\" content=\"summary_large_image\" \/>\n<meta name=\"twitter:label1\" content=\"Est. reading time\" \/>\n\t<meta name=\"twitter:data1\" content=\"2 minutes\" \/>\n<script type=\"application\/ld+json\" class=\"yoast-schema-graph\">{\"@context\":\"https:\/\/schema.org\",\"@graph\":[{\"@type\":\"WebSite\",\"@id\":\"https:\/\/visithoogstraten.be\/#website\",\"url\":\"https:\/\/visithoogstraten.be\/\",\"name\":\"VisitHoogstraten\",\"description\":\"Ontdek Hoogstraten\",\"potentialAction\":[{\"@type\":\"SearchAction\",\"target\":{\"@type\":\"EntryPoint\",\"urlTemplate\":\"https:\/\/visithoogstraten.be\/?s={search_term_string}\"},\"query-input\":\"required name=search_term_string\"}],\"inLanguage\":\"fr-FR\"},{\"@type\":\"ImageObject\",\"@id\":\"https:\/\/visithoogstraten.be\/fr\/planifier-votre-visite\/stationnement\/#primaryimage\",\"inLanguage\":\"fr-FR\",\"url\":\"https:\/\/cdn.visithoogstraten.be\/20210622061002\/2021-Hoogstraten-Bezienswaardigheden-002_websize-e1624888199239.jpg\",\"contentUrl\":\"https:\/\/cdn.visithoogstraten.be\/20210622061002\/2021-Hoogstraten-Bezienswaardigheden-002_websize-e1624888199239.jpg\",\"width\":1600,\"height\":1067},{\"@type\":\"WebPage\",\"@id\":\"https:\/\/visithoogstraten.be\/fr\/planifier-votre-visite\/stationnement\/#webpage\",\"url\":\"https:\/\/visithoogstraten.be\/fr\/planifier-votre-visite\/stationnement\/\",\"name\":\"Stationnement | VisitHoogstraten\",\"isPartOf\":{\"@id\":\"https:\/\/visithoogstraten.be\/#website\"},\"primaryImageOfPage\":{\"@id\":\"https:\/\/visithoogstraten.be\/fr\/planifier-votre-visite\/stationnement\/#primaryimage\"},\"datePublished\":\"2023-04-24T11:46:49+00:00\",\"dateModified\":\"2023-04-24T11:46:50+00:00\",\"breadcrumb\":{\"@id\":\"https:\/\/visithoogstraten.be\/fr\/planifier-votre-visite\/stationnement\/#breadcrumb\"},\"inLanguage\":\"fr-FR\",\"potentialAction\":[{\"@type\":\"ReadAction\",\"target\":[\"https:\/\/visithoogstraten.be\/fr\/planifier-votre-visite\/stationnement\/\"]}]},{\"@type\":\"BreadcrumbList\",\"@id\":\"https:\/\/visithoogstraten.be\/fr\/planifier-votre-visite\/stationnement\/#breadcrumb\",\"itemListElement\":[{\"@type\":\"ListItem\",\"position\":1,\"name\":\"Home\",\"item\":\"https:\/\/visithoogstraten.be\/fr\/\"},{\"@type\":\"ListItem\",\"position\":2,\"name\":\"Planifiez votre visite\",\"item\":\"https:\/\/visithoogstraten.be\/fr\/planifier-votre-visite\/\"},{\"@type\":\"ListItem\",\"position\":3,\"name\":\"Stationnement\"}]}]}<\/script>\n<!-- \/ Yoast SEO plugin. -->","yoast_head_json":{"robots":{"index":"index","follow":"follow","max-snippet":"max-snippet:-1","max-image-preview":"max-image-preview:large","max-video-preview":"max-video-preview:-1"},"canonical":"https:\/\/visithoogstraten.be\/fr\/planifier-votre-visite\/stationnement\/","og_locale":"fr_FR","og_type":"article","og_title":"Stationnement | VisitHoogstraten","og_description":"Vous venez \u00e0 Hoogstraten en voiture? Vous pouvez...","og_url":"https:\/\/visithoogstraten.be\/fr\/planifier-votre-visite\/stationnement\/","og_site_name":"VisitHoogstraten","article_publisher":"https:\/\/www.facebook.com\/visithoogstraten","article_modified_time":"2023-04-24T11:46:50+00:00","og_image":[{"width":1600,"height":1067,"url":"https:\/\/cdn.visithoogstraten.be\/20210622061002\/2021-Hoogstraten-Bezienswaardigheden-002_websize-e1624888199239.jpg","type":"image\/jpeg"}],"twitter_card":"summary_large_image","twitter_misc":{"Est. reading time":"2 minutes"},"schema":{"@context":"https:\/\/schema.org","@graph":[{"@type":"WebSite","@id":"https:\/\/visithoogstraten.be\/#website","url":"https:\/\/visithoogstraten.be\/","name":"VisitHoogstraten","description":"Ontdek Hoogstraten","potentialAction":[{"@type":"SearchAction","target":{"@type":"EntryPoint","urlTemplate":"https:\/\/visithoogstraten.be\/?s={search_term_string}"},"query-input":"required name=search_term_string"}],"inLanguage":"fr-FR"},{"@type":"ImageObject","@id":"https:\/\/visithoogstraten.be\/fr\/planifier-votre-visite\/stationnement\/#primaryimage","inLanguage":"fr-FR","url":"https:\/\/cdn.visithoogstraten.be\/20210622061002\/2021-Hoogstraten-Bezienswaardigheden-002_websize-e1624888199239.jpg","contentUrl":"https:\/\/cdn.visithoogstraten.be\/20210622061002\/2021-Hoogstraten-Bezienswaardigheden-002_websize-e1624888199239.jpg","width":1600,"height":1067},{"@type":"WebPage","@id":"https:\/\/visithoogstraten.be\/fr\/planifier-votre-visite\/stationnement\/#webpage","url":"https:\/\/visithoogstraten.be\/fr\/planifier-votre-visite\/stationnement\/","name":"Stationnement | VisitHoogstraten","isPartOf":{"@id":"https:\/\/visithoogstraten.be\/#website"},"primaryImageOfPage":{"@id":"https:\/\/visithoogstraten.be\/fr\/planifier-votre-visite\/stationnement\/#primaryimage"},"datePublished":"2023-04-24T11:46:49+00:00","dateModified":"2023-04-24T11:46:50+00:00","breadcrumb":{"@id":"https:\/\/visithoogstraten.be\/fr\/planifier-votre-visite\/stationnement\/#breadcrumb"},"inLanguage":"fr-FR","potentialAction":[{"@type":"ReadAction","target":["https:\/\/visithoogstraten.be\/fr\/planifier-votre-visite\/stationnement\/"]}]},{"@type":"BreadcrumbList","@id":"https:\/\/visithoogstraten.be\/fr\/planifier-votre-visite\/stationnement\/#breadcrumb","itemListElement":[{"@type":"ListItem","position":1,"name":"Home","item":"https:\/\/visithoogstraten.be\/fr\/"},{"@type":"ListItem","position":2,"name":"Planifiez votre visite","item":"https:\/\/visithoogstraten.be\/fr\/planifier-votre-visite\/"},{"@type":"ListItem","position":3,"name":"Stationnement"}]}]}},"_links":{"self":[{"href":"https:\/\/visithoogstraten.be\/fr\/wp-json\/wp\/v2\/pages\/16950"}],"collection":[{"href":"https:\/\/visithoogstraten.be\/fr\/wp-json\/wp\/v2\/pages"}],"about":[{"href":"https:\/\/visithoogstraten.be\/fr\/wp-json\/wp\/v2\/types\/page"}],"author":[{"embeddable":true,"href":"https:\/\/visithoogstraten.be\/fr\/wp-json\/wp\/v2\/users\/1"}],"replies":[{"embeddable":true,"href":"https:\/\/visithoogstraten.be\/fr\/wp-json\/wp\/v2\/comments?post=16950"}],"version-history":[{"count":29,"href":"https:\/\/visithoogstraten.be\/fr\/wp-json\/wp\/v2\/pages\/16950\/revisions"}],"predecessor-version":[{"id":19162,"href":"https:\/\/visithoogstraten.be\/fr\/wp-json\/wp\/v2\/pages\/16950\/revisions\/19162"}],"up":[{"embeddable":true,"href":"https:\/\/visithoogstraten.be\/fr\/wp-json\/wp\/v2\/pages\/16942"}],"wp:featuredmedia":[{"embeddable":true,"href":"https:\/\/visithoogstraten.be\/fr\/wp-json\/wp\/v2\/media\/2263"}],"wp:attachment":[{"href":"https:\/\/visithoogstraten.be\/fr\/wp-json\/wp\/v2\/media?parent=16950"}],"curies":[{"name":"wp","href":"https:\/\/api.w.org\/{rel}","templated":true}]}}