{"id":16948,"date":"2023-04-24T13:46:15","date_gmt":"2023-04-24T11:46:15","guid":{"rendered":"https:\/\/visithoogstraten.be\/?page_id=16948"},"modified":"2023-04-24T13:46:16","modified_gmt":"2023-04-24T11:46:16","slug":"horaires-d-ouvertures","status":"publish","type":"page","link":"https:\/\/visithoogstraten.be\/fr\/planifier-votre-visite\/contact\/horaires-d-ouvertures\/","title":{"rendered":"Heures d\u2019ouverture"},"content":{"rendered":"\n<p>VisitHoogtraten est heureux de vous accueillir. Tous nos visiteurs sont des VIP.<\/p>\n\n\n\n<p>Pendant la p\u00e9riode estivale, nous sommes ouverts tous les jours pour vous aider de la meilleure fa\u00e7on possible. Pendant toute l&rsquo;ann\u00e9e, nous sommes ouverts du lundi au samedi.<\/p>\n\n\n\n<figure class=\"wp-block-table\"><table><tbody><tr><td>Lundi<\/td><td>de 10 h \u00e0 12 h.<br>de 13 h \u00e0 16 h.<\/td><\/tr><tr><td>Mardi<\/td><td>de 10 h \u00e0 12 h.<br>de 13 h \u00e0 16 h. <\/td><\/tr><tr><td>Mercredi<\/td><td>de 10 h \u00e0 12 h.<br>de 13 h \u00e0 16 h. <\/td><\/tr><tr><td>Jeudi<\/td><td>de 10 h \u00e0 12 h.<br>de 13 h \u00e0 16 h. <\/td><\/tr><tr><td>Vendredi<\/td><td>de 10 h \u00e0 12 h.<br>de 13 h \u00e0 16 h. <\/td><\/tr><tr><td>Samedi<\/td><td>de 10 h \u00e0 12 h.<br>de 13 h \u00e0 16 h. <\/td><\/tr><tr><td>Dimanche et jours f\u00e9ri\u00e9s<\/td><td>du 1er avril au 30 septembre: de 10 h \u00e0 14 h.<br>Ferm\u00e9 \u00e0 P\u00e2ques<br>du 1er octobre au 31 mars: Ferm\u00e9<\/td><\/tr><\/tbody><\/table><\/figure>\n","protected":false},"excerpt":{"rendered":"<p>VisitHoogtraten est heureux de vous accueillir. Tous nos&#8230;<\/p>\n","protected":false},"author":1,"featured_media":2485,"parent":16946,"menu_order":0,"comment_status":"closed","ping_status":"closed","template":"","meta":[],"acf":[],"yoast_head":"<!-- This site is optimized with the Yoast SEO plugin v17.7.1 - https:\/\/yoast.com\/wordpress\/plugins\/seo\/ -->\n<meta name=\"robots\" content=\"index, follow, max-snippet:-1, max-image-preview:large, max-video-preview:-1\" \/>\n<link rel=\"canonical\" href=\"https:\/\/visithoogstraten.be\/fr\/planifier-votre-visite\/contact\/horaires-d-ouvertures\/\" \/>\n<meta property=\"og:locale\" content=\"fr_FR\" \/>\n<meta property=\"og:type\" content=\"article\" \/>\n<meta property=\"og:title\" content=\"Heures d\u2019ouverture | VisitHoogstraten\" \/>\n<meta property=\"og:description\" content=\"VisitHoogtraten est heureux de vous accueillir. Tous nos...\" \/>\n<meta property=\"og:url\" content=\"https:\/\/visithoogstraten.be\/fr\/planifier-votre-visite\/contact\/horaires-d-ouvertures\/\" \/>\n<meta property=\"og:site_name\" content=\"VisitHoogstraten\" \/>\n<meta property=\"article:publisher\" content=\"https:\/\/www.facebook.com\/visithoogstraten\" \/>\n<meta property=\"article:modified_time\" content=\"2023-04-24T11:46:16+00:00\" \/>\n<meta property=\"og:image\" content=\"https:\/\/cdn.visithoogstraten.be\/20210629100318\/2021-Hoogstraten-Horeca-021_websize.jpg\" \/>\n\t<meta property=\"og:image:width\" content=\"1600\" \/>\n\t<meta property=\"og:image:height\" content=\"1067\" \/>\n<meta name=\"twitter:card\" content=\"summary_large_image\" \/>\n<meta name=\"twitter:label1\" content=\"Est. reading time\" \/>\n\t<meta name=\"twitter:data1\" content=\"1 minute\" \/>\n<script type=\"application\/ld+json\" class=\"yoast-schema-graph\">{\"@context\":\"https:\/\/schema.org\",\"@graph\":[{\"@type\":\"WebSite\",\"@id\":\"https:\/\/visithoogstraten.be\/#website\",\"url\":\"https:\/\/visithoogstraten.be\/\",\"name\":\"VisitHoogstraten\",\"description\":\"Ontdek Hoogstraten\",\"potentialAction\":[{\"@type\":\"SearchAction\",\"target\":{\"@type\":\"EntryPoint\",\"urlTemplate\":\"https:\/\/visithoogstraten.be\/?s={search_term_string}\"},\"query-input\":\"required name=search_term_string\"}],\"inLanguage\":\"fr-FR\"},{\"@type\":\"ImageObject\",\"@id\":\"https:\/\/visithoogstraten.be\/fr\/planifier-votre-visite\/contact\/horaires-d-ouvertures\/#primaryimage\",\"inLanguage\":\"fr-FR\",\"url\":\"https:\/\/cdn.visithoogstraten.be\/20210629100318\/2021-Hoogstraten-Horeca-021_websize.jpg\",\"contentUrl\":\"https:\/\/cdn.visithoogstraten.be\/20210629100318\/2021-Hoogstraten-Horeca-021_websize.jpg\",\"width\":1600,\"height\":1067},{\"@type\":\"WebPage\",\"@id\":\"https:\/\/visithoogstraten.be\/fr\/planifier-votre-visite\/contact\/horaires-d-ouvertures\/#webpage\",\"url\":\"https:\/\/visithoogstraten.be\/fr\/planifier-votre-visite\/contact\/horaires-d-ouvertures\/\",\"name\":\"Heures d\\u2019ouverture | VisitHoogstraten\",\"isPartOf\":{\"@id\":\"https:\/\/visithoogstraten.be\/#website\"},\"primaryImageOfPage\":{\"@id\":\"https:\/\/visithoogstraten.be\/fr\/planifier-votre-visite\/contact\/horaires-d-ouvertures\/#primaryimage\"},\"datePublished\":\"2023-04-24T11:46:15+00:00\",\"dateModified\":\"2023-04-24T11:46:16+00:00\",\"breadcrumb\":{\"@id\":\"https:\/\/visithoogstraten.be\/fr\/planifier-votre-visite\/contact\/horaires-d-ouvertures\/#breadcrumb\"},\"inLanguage\":\"fr-FR\",\"potentialAction\":[{\"@type\":\"ReadAction\",\"target\":[\"https:\/\/visithoogstraten.be\/fr\/planifier-votre-visite\/contact\/horaires-d-ouvertures\/\"]}]},{\"@type\":\"BreadcrumbList\",\"@id\":\"https:\/\/visithoogstraten.be\/fr\/planifier-votre-visite\/contact\/horaires-d-ouvertures\/#breadcrumb\",\"itemListElement\":[{\"@type\":\"ListItem\",\"position\":1,\"name\":\"Home\",\"item\":\"https:\/\/visithoogstraten.be\/fr\/\"},{\"@type\":\"ListItem\",\"position\":2,\"name\":\"Planifiez votre visite\",\"item\":\"https:\/\/visithoogstraten.be\/fr\/planifier-votre-visite\/\"},{\"@type\":\"ListItem\",\"position\":3,\"name\":\"Contact\",\"item\":\"https:\/\/visithoogstraten.be\/fr\/planifier-votre-visite\/contact\/\"},{\"@type\":\"ListItem\",\"position\":4,\"name\":\"Heures d\\u2019ouverture\"}]}]}<\/script>\n<!-- \/ Yoast SEO plugin. -->","yoast_head_json":{"robots":{"index":"index","follow":"follow","max-snippet":"max-snippet:-1","max-image-preview":"max-image-preview:large","max-video-preview":"max-video-preview:-1"},"canonical":"https:\/\/visithoogstraten.be\/fr\/planifier-votre-visite\/contact\/horaires-d-ouvertures\/","og_locale":"fr_FR","og_type":"article","og_title":"Heures d\u2019ouverture | VisitHoogstraten","og_description":"VisitHoogtraten est heureux de vous accueillir. Tous nos...","og_url":"https:\/\/visithoogstraten.be\/fr\/planifier-votre-visite\/contact\/horaires-d-ouvertures\/","og_site_name":"VisitHoogstraten","article_publisher":"https:\/\/www.facebook.com\/visithoogstraten","article_modified_time":"2023-04-24T11:46:16+00:00","og_image":[{"width":1600,"height":1067,"url":"https:\/\/cdn.visithoogstraten.be\/20210629100318\/2021-Hoogstraten-Horeca-021_websize.jpg","type":"image\/jpeg"}],"twitter_card":"summary_large_image","twitter_misc":{"Est. reading time":"1 minute"},"schema":{"@context":"https:\/\/schema.org","@graph":[{"@type":"WebSite","@id":"https:\/\/visithoogstraten.be\/#website","url":"https:\/\/visithoogstraten.be\/","name":"VisitHoogstraten","description":"Ontdek Hoogstraten","potentialAction":[{"@type":"SearchAction","target":{"@type":"EntryPoint","urlTemplate":"https:\/\/visithoogstraten.be\/?s={search_term_string}"},"query-input":"required name=search_term_string"}],"inLanguage":"fr-FR"},{"@type":"ImageObject","@id":"https:\/\/visithoogstraten.be\/fr\/planifier-votre-visite\/contact\/horaires-d-ouvertures\/#primaryimage","inLanguage":"fr-FR","url":"https:\/\/cdn.visithoogstraten.be\/20210629100318\/2021-Hoogstraten-Horeca-021_websize.jpg","contentUrl":"https:\/\/cdn.visithoogstraten.be\/20210629100318\/2021-Hoogstraten-Horeca-021_websize.jpg","width":1600,"height":1067},{"@type":"WebPage","@id":"https:\/\/visithoogstraten.be\/fr\/planifier-votre-visite\/contact\/horaires-d-ouvertures\/#webpage","url":"https:\/\/visithoogstraten.be\/fr\/planifier-votre-visite\/contact\/horaires-d-ouvertures\/","name":"Heures d\u2019ouverture | VisitHoogstraten","isPartOf":{"@id":"https:\/\/visithoogstraten.be\/#website"},"primaryImageOfPage":{"@id":"https:\/\/visithoogstraten.be\/fr\/planifier-votre-visite\/contact\/horaires-d-ouvertures\/#primaryimage"},"datePublished":"2023-04-24T11:46:15+00:00","dateModified":"2023-04-24T11:46:16+00:00","breadcrumb":{"@id":"https:\/\/visithoogstraten.be\/fr\/planifier-votre-visite\/contact\/horaires-d-ouvertures\/#breadcrumb"},"inLanguage":"fr-FR","potentialAction":[{"@type":"ReadAction","target":["https:\/\/visithoogstraten.be\/fr\/planifier-votre-visite\/contact\/horaires-d-ouvertures\/"]}]},{"@type":"BreadcrumbList","@id":"https:\/\/visithoogstraten.be\/fr\/planifier-votre-visite\/contact\/horaires-d-ouvertures\/#breadcrumb","itemListElement":[{"@type":"ListItem","position":1,"name":"Home","item":"https:\/\/visithoogstraten.be\/fr\/"},{"@type":"ListItem","position":2,"name":"Planifiez votre visite","item":"https:\/\/visithoogstraten.be\/fr\/planifier-votre-visite\/"},{"@type":"ListItem","position":3,"name":"Contact","item":"https:\/\/visithoogstraten.be\/fr\/planifier-votre-visite\/contact\/"},{"@type":"ListItem","position":4,"name":"Heures d\u2019ouverture"}]}]}},"_links":{"self":[{"href":"https:\/\/visithoogstraten.be\/fr\/wp-json\/wp\/v2\/pages\/16948"}],"collection":[{"href":"https:\/\/visithoogstraten.be\/fr\/wp-json\/wp\/v2\/pages"}],"about":[{"href":"https:\/\/visithoogstraten.be\/fr\/wp-json\/wp\/v2\/types\/page"}],"author":[{"embeddable":true,"href":"https:\/\/visithoogstraten.be\/fr\/wp-json\/wp\/v2\/users\/1"}],"replies":[{"embeddable":true,"href":"https:\/\/visithoogstraten.be\/fr\/wp-json\/wp\/v2\/comments?post=16948"}],"version-history":[{"count":9,"href":"https:\/\/visithoogstraten.be\/fr\/wp-json\/wp\/v2\/pages\/16948\/revisions"}],"predecessor-version":[{"id":19245,"href":"https:\/\/visithoogstraten.be\/fr\/wp-json\/wp\/v2\/pages\/16948\/revisions\/19245"}],"up":[{"embeddable":true,"href":"https:\/\/visithoogstraten.be\/fr\/wp-json\/wp\/v2\/pages\/16946"}],"wp:featuredmedia":[{"embeddable":true,"href":"https:\/\/visithoogstraten.be\/fr\/wp-json\/wp\/v2\/media\/2485"}],"wp:attachment":[{"href":"https:\/\/visithoogstraten.be\/fr\/wp-json\/wp\/v2\/media?parent=16948"}],"curies":[{"name":"wp","href":"https:\/\/api.w.org\/{rel}","templated":true}]}}