{"id":16946,"date":"2023-04-24T13:42:13","date_gmt":"2023-04-24T11:42:13","guid":{"rendered":"https:\/\/visithoogstraten.be\/?page_id=16946"},"modified":"2023-04-24T13:45:48","modified_gmt":"2023-04-24T11:45:48","slug":"contact","status":"publish","type":"page","link":"https:\/\/visithoogstraten.be\/fr\/planifier-votre-visite\/contact\/","title":{"rendered":"Contact"},"content":{"rendered":"\n<p>Planifiez-vous une visite \u00e0 Hoogstraten et souhaitez-vous des informations personnalis\u00e9es ? VisitHoogstraten est heureux de vous aider ! Au centre de Hoogstraten, vous pouvez visiter le bureau d&rsquo;information VisitHoogstraten. Vous pouvez \u00e9galement nous contacter par t\u00e9l\u00e9phone ou par courriel.<\/p>\n\n\n\n<div class=\"wp-block-media-text alignwide is-stacked-on-mobile\"><figure class=\"wp-block-media-text__media\"><img loading=\"lazy\" width=\"2560\" height=\"1707\" src=\"https:\/\/cdn.visithoogstraten.be\/20210629100020\/Toerisme-18-scaled.jpg\" alt=\"\" class=\"wp-image-2479 size-full\" srcset=\"https:\/\/cdn.visithoogstraten.be\/20210629100020\/Toerisme-18-scaled.jpg 2560w, https:\/\/cdn.visithoogstraten.be\/20210629100020\/Toerisme-18-2048x1365.jpg 2048w, https:\/\/cdn.visithoogstraten.be\/20210629100020\/Toerisme-18-1300x867.jpg 1300w, https:\/\/cdn.visithoogstraten.be\/20210629100020\/Toerisme-18-2000x1333.jpg 2000w, https:\/\/cdn.visithoogstraten.be\/20210629100020\/Toerisme-18-600x400.jpg 600w\" sizes=\"(max-width: 2560px) 100vw, 2560px\" \/><\/figure><div class=\"wp-block-media-text__content\">\n<p class=\"has-large-font-size\"><strong>VisitHoogstraten<\/strong><\/p>\n\n\n\n<p>Vrijheid 149 &#8211; 2320 Hoogstraten<br>+32 (0)3 340 19 55<br>toerisme@hoogstraten.be <\/p>\n<\/div><\/div>\n","protected":false},"excerpt":{"rendered":"<p>Planifiez-vous une visite \u00e0 Hoogstraten et souhaitez-vous des&#8230;<\/p>\n","protected":false},"author":1,"featured_media":238,"parent":16942,"menu_order":0,"comment_status":"closed","ping_status":"closed","template":"","meta":[],"acf":[],"yoast_head":"<!-- This site is optimized with the Yoast SEO plugin v17.7.1 - https:\/\/yoast.com\/wordpress\/plugins\/seo\/ -->\n<meta name=\"robots\" content=\"index, follow, max-snippet:-1, max-image-preview:large, max-video-preview:-1\" \/>\n<link rel=\"canonical\" href=\"https:\/\/visithoogstraten.be\/fr\/planifier-votre-visite\/contact\/\" \/>\n<meta property=\"og:locale\" content=\"fr_FR\" \/>\n<meta property=\"og:type\" content=\"article\" \/>\n<meta property=\"og:title\" content=\"Contact | VisitHoogstraten\" \/>\n<meta property=\"og:description\" content=\"Planifiez-vous une visite \u00e0 Hoogstraten et souhaitez-vous des...\" \/>\n<meta property=\"og:url\" content=\"https:\/\/visithoogstraten.be\/fr\/planifier-votre-visite\/contact\/\" \/>\n<meta property=\"og:site_name\" content=\"VisitHoogstraten\" \/>\n<meta property=\"article:publisher\" content=\"https:\/\/www.facebook.com\/visithoogstraten\" \/>\n<meta property=\"article:modified_time\" content=\"2023-04-24T11:45:48+00:00\" \/>\n<meta property=\"og:image\" content=\"https:\/\/cdn.visithoogstraten.be\/20210608092734\/109120850_2356010204701909_4814805558552671288_n.jpg\" \/>\n\t<meta property=\"og:image:width\" content=\"2048\" \/>\n\t<meta property=\"og:image:height\" content=\"1365\" \/>\n<meta name=\"twitter:card\" content=\"summary_large_image\" \/>\n<meta name=\"twitter:label1\" content=\"Est. reading time\" \/>\n\t<meta name=\"twitter:data1\" content=\"1 minute\" \/>\n<script type=\"application\/ld+json\" class=\"yoast-schema-graph\">{\"@context\":\"https:\/\/schema.org\",\"@graph\":[{\"@type\":\"WebSite\",\"@id\":\"https:\/\/visithoogstraten.be\/#website\",\"url\":\"https:\/\/visithoogstraten.be\/\",\"name\":\"VisitHoogstraten\",\"description\":\"Ontdek Hoogstraten\",\"potentialAction\":[{\"@type\":\"SearchAction\",\"target\":{\"@type\":\"EntryPoint\",\"urlTemplate\":\"https:\/\/visithoogstraten.be\/?s={search_term_string}\"},\"query-input\":\"required name=search_term_string\"}],\"inLanguage\":\"fr-FR\"},{\"@type\":\"ImageObject\",\"@id\":\"https:\/\/visithoogstraten.be\/fr\/planifier-votre-visite\/contact\/#primaryimage\",\"inLanguage\":\"fr-FR\",\"url\":\"https:\/\/cdn.visithoogstraten.be\/20210608092734\/109120850_2356010204701909_4814805558552671288_n.jpg\",\"contentUrl\":\"https:\/\/cdn.visithoogstraten.be\/20210608092734\/109120850_2356010204701909_4814805558552671288_n.jpg\",\"width\":2048,\"height\":1365},{\"@type\":\"WebPage\",\"@id\":\"https:\/\/visithoogstraten.be\/fr\/planifier-votre-visite\/contact\/#webpage\",\"url\":\"https:\/\/visithoogstraten.be\/fr\/planifier-votre-visite\/contact\/\",\"name\":\"Contact | VisitHoogstraten\",\"isPartOf\":{\"@id\":\"https:\/\/visithoogstraten.be\/#website\"},\"primaryImageOfPage\":{\"@id\":\"https:\/\/visithoogstraten.be\/fr\/planifier-votre-visite\/contact\/#primaryimage\"},\"datePublished\":\"2023-04-24T11:42:13+00:00\",\"dateModified\":\"2023-04-24T11:45:48+00:00\",\"breadcrumb\":{\"@id\":\"https:\/\/visithoogstraten.be\/fr\/planifier-votre-visite\/contact\/#breadcrumb\"},\"inLanguage\":\"fr-FR\",\"potentialAction\":[{\"@type\":\"ReadAction\",\"target\":[\"https:\/\/visithoogstraten.be\/fr\/planifier-votre-visite\/contact\/\"]}]},{\"@type\":\"BreadcrumbList\",\"@id\":\"https:\/\/visithoogstraten.be\/fr\/planifier-votre-visite\/contact\/#breadcrumb\",\"itemListElement\":[{\"@type\":\"ListItem\",\"position\":1,\"name\":\"Home\",\"item\":\"https:\/\/visithoogstraten.be\/fr\/\"},{\"@type\":\"ListItem\",\"position\":2,\"name\":\"Planifiez votre visite\",\"item\":\"https:\/\/visithoogstraten.be\/fr\/planifier-votre-visite\/\"},{\"@type\":\"ListItem\",\"position\":3,\"name\":\"Contact\"}]}]}<\/script>\n<!-- \/ Yoast SEO plugin. -->","yoast_head_json":{"robots":{"index":"index","follow":"follow","max-snippet":"max-snippet:-1","max-image-preview":"max-image-preview:large","max-video-preview":"max-video-preview:-1"},"canonical":"https:\/\/visithoogstraten.be\/fr\/planifier-votre-visite\/contact\/","og_locale":"fr_FR","og_type":"article","og_title":"Contact | VisitHoogstraten","og_description":"Planifiez-vous une visite \u00e0 Hoogstraten et souhaitez-vous des...","og_url":"https:\/\/visithoogstraten.be\/fr\/planifier-votre-visite\/contact\/","og_site_name":"VisitHoogstraten","article_publisher":"https:\/\/www.facebook.com\/visithoogstraten","article_modified_time":"2023-04-24T11:45:48+00:00","og_image":[{"width":2048,"height":1365,"url":"https:\/\/cdn.visithoogstraten.be\/20210608092734\/109120850_2356010204701909_4814805558552671288_n.jpg","type":"image\/jpeg"}],"twitter_card":"summary_large_image","twitter_misc":{"Est. reading time":"1 minute"},"schema":{"@context":"https:\/\/schema.org","@graph":[{"@type":"WebSite","@id":"https:\/\/visithoogstraten.be\/#website","url":"https:\/\/visithoogstraten.be\/","name":"VisitHoogstraten","description":"Ontdek Hoogstraten","potentialAction":[{"@type":"SearchAction","target":{"@type":"EntryPoint","urlTemplate":"https:\/\/visithoogstraten.be\/?s={search_term_string}"},"query-input":"required name=search_term_string"}],"inLanguage":"fr-FR"},{"@type":"ImageObject","@id":"https:\/\/visithoogstraten.be\/fr\/planifier-votre-visite\/contact\/#primaryimage","inLanguage":"fr-FR","url":"https:\/\/cdn.visithoogstraten.be\/20210608092734\/109120850_2356010204701909_4814805558552671288_n.jpg","contentUrl":"https:\/\/cdn.visithoogstraten.be\/20210608092734\/109120850_2356010204701909_4814805558552671288_n.jpg","width":2048,"height":1365},{"@type":"WebPage","@id":"https:\/\/visithoogstraten.be\/fr\/planifier-votre-visite\/contact\/#webpage","url":"https:\/\/visithoogstraten.be\/fr\/planifier-votre-visite\/contact\/","name":"Contact | VisitHoogstraten","isPartOf":{"@id":"https:\/\/visithoogstraten.be\/#website"},"primaryImageOfPage":{"@id":"https:\/\/visithoogstraten.be\/fr\/planifier-votre-visite\/contact\/#primaryimage"},"datePublished":"2023-04-24T11:42:13+00:00","dateModified":"2023-04-24T11:45:48+00:00","breadcrumb":{"@id":"https:\/\/visithoogstraten.be\/fr\/planifier-votre-visite\/contact\/#breadcrumb"},"inLanguage":"fr-FR","potentialAction":[{"@type":"ReadAction","target":["https:\/\/visithoogstraten.be\/fr\/planifier-votre-visite\/contact\/"]}]},{"@type":"BreadcrumbList","@id":"https:\/\/visithoogstraten.be\/fr\/planifier-votre-visite\/contact\/#breadcrumb","itemListElement":[{"@type":"ListItem","position":1,"name":"Home","item":"https:\/\/visithoogstraten.be\/fr\/"},{"@type":"ListItem","position":2,"name":"Planifiez votre visite","item":"https:\/\/visithoogstraten.be\/fr\/planifier-votre-visite\/"},{"@type":"ListItem","position":3,"name":"Contact"}]}]}},"_links":{"self":[{"href":"https:\/\/visithoogstraten.be\/fr\/wp-json\/wp\/v2\/pages\/16946"}],"collection":[{"href":"https:\/\/visithoogstraten.be\/fr\/wp-json\/wp\/v2\/pages"}],"about":[{"href":"https:\/\/visithoogstraten.be\/fr\/wp-json\/wp\/v2\/types\/page"}],"author":[{"embeddable":true,"href":"https:\/\/visithoogstraten.be\/fr\/wp-json\/wp\/v2\/users\/1"}],"replies":[{"embeddable":true,"href":"https:\/\/visithoogstraten.be\/fr\/wp-json\/wp\/v2\/comments?post=16946"}],"version-history":[{"count":7,"href":"https:\/\/visithoogstraten.be\/fr\/wp-json\/wp\/v2\/pages\/16946\/revisions"}],"predecessor-version":[{"id":19246,"href":"https:\/\/visithoogstraten.be\/fr\/wp-json\/wp\/v2\/pages\/16946\/revisions\/19246"}],"up":[{"embeddable":true,"href":"https:\/\/visithoogstraten.be\/fr\/wp-json\/wp\/v2\/pages\/16942"}],"wp:featuredmedia":[{"embeddable":true,"href":"https:\/\/visithoogstraten.be\/fr\/wp-json\/wp\/v2\/media\/238"}],"wp:attachment":[{"href":"https:\/\/visithoogstraten.be\/fr\/wp-json\/wp\/v2\/media?parent=16946"}],"curies":[{"name":"wp","href":"https:\/\/api.w.org\/{rel}","templated":true}]}}