{"id":16944,"date":"2023-04-24T13:41:55","date_gmt":"2023-04-24T11:41:55","guid":{"rendered":"https:\/\/visithoogstraten.be\/?page_id=16944"},"modified":"2023-04-24T13:41:56","modified_gmt":"2023-04-24T11:41:56","slug":"accessibilite","status":"publish","type":"page","link":"https:\/\/visithoogstraten.be\/fr\/planifier-votre-visite\/accessibilite\/","title":{"rendered":"Accessibilit\u00e9"},"content":{"rendered":"\n<p>Hoogstraten est la ville la plus septentrionale de Belgique, \u00e9galement appel\u00e9e \u00ab\u00a0la bosse du milieu\u00a0\u00bb. Les environs de Hoogstraten sont facilement accessibles gr\u00e2ce \u00e0 un vaste r\u00e9seau de jonctions cyclables, \u00e0 son emplacement pratique sur la E19 et \u00e0 la gare de Noorderkempen \u00e0 Brecht.<\/p>\n\n\n\n<div class=\"wp-block-media-text alignwide is-stacked-on-mobile\"><figure class=\"wp-block-media-text__media\"><img loading=\"lazy\" width=\"800\" height=\"600\" src=\"https:\/\/cdn.visithoogstraten.be\/20220222130924\/2021-Hoogstraten-Bezienswaardigheden-002_websize-3-800x600.jpg\" alt=\"Stadswandeling Hoogstraten - zicht op de Vrijheid\" class=\"wp-image-9958 size-full\" srcset=\"https:\/\/cdn.visithoogstraten.be\/20220222130924\/2021-Hoogstraten-Bezienswaardigheden-002_websize-3-800x600.jpg 800w, https:\/\/cdn.visithoogstraten.be\/20220222130924\/2021-Hoogstraten-Bezienswaardigheden-002_websize-3-300x225.jpg 300w\" sizes=\"(max-width: 800px) 100vw, 800px\" \/><\/figure><div class=\"wp-block-media-text__content\">\n<p style=\"font-size:18px\"><strong>EN VOITURE<\/strong><\/p>\n\n\n\n<p>Hoogstraten est tr\u00e8s facilement accessible en voiture et offre plusieurs possibilit\u00e9s de stationnement gratuit, m\u00eame pour de longues p\u00e9riodes. Depuis la Belgique, prenez la sortie 2 &lsquo;Loenhout\/Hoogstraten&rsquo; de l&rsquo;autoroute E19 Anvers-Breda. Si vous venez des Pays-Bas, prenez la sortie 1 &lsquo;Meer&rsquo; de l&rsquo;autoroute E19 Breda-Anvers.<\/p>\n\n\n\n<p style=\"font-size:18px\"><strong>TRANSPORTS EN COMMUN<\/strong><\/p>\n\n\n\n<p>Hoogstraten est accessible par &lsquo;De Lijn&rsquo; (transport par bus). En venant d&rsquo;Anvers vous pouvez prendre la ligne 600, de Turnhout vous pouvez choisir la ligne 430 pour Hoogstraten. La gare la plus proche est Noorderkempen \u00e0 Brecht. De l\u00e0, prenez De Lijn (602) jusqu&rsquo;\u00e0 Hoogstraten.<\/p>\n<\/div><\/div>\n","protected":false},"excerpt":{"rendered":"<p>Hoogstraten est la ville la plus septentrionale de&#8230;<\/p>\n","protected":false},"author":1,"featured_media":294,"parent":16942,"menu_order":0,"comment_status":"closed","ping_status":"closed","template":"","meta":[],"acf":[],"yoast_head":"<!-- This site is optimized with the Yoast SEO plugin v17.7.1 - https:\/\/yoast.com\/wordpress\/plugins\/seo\/ -->\n<meta name=\"robots\" content=\"index, follow, max-snippet:-1, max-image-preview:large, max-video-preview:-1\" \/>\n<link rel=\"canonical\" href=\"https:\/\/visithoogstraten.be\/fr\/planifier-votre-visite\/accessibilite\/\" \/>\n<meta property=\"og:locale\" content=\"fr_FR\" \/>\n<meta property=\"og:type\" content=\"article\" \/>\n<meta property=\"og:title\" content=\"Accessibilit\u00e9 | VisitHoogstraten\" \/>\n<meta property=\"og:description\" content=\"Hoogstraten est la ville la plus septentrionale de...\" \/>\n<meta property=\"og:url\" content=\"https:\/\/visithoogstraten.be\/fr\/planifier-votre-visite\/accessibilite\/\" \/>\n<meta property=\"og:site_name\" content=\"VisitHoogstraten\" \/>\n<meta property=\"article:publisher\" content=\"https:\/\/www.facebook.com\/visithoogstraten\" \/>\n<meta property=\"article:modified_time\" content=\"2023-04-24T11:41:56+00:00\" \/>\n<meta property=\"og:image\" content=\"https:\/\/cdn.visithoogstraten.be\/20210609130356\/52097248_2001900266779573_3373066112240451584_n.jpg\" \/>\n\t<meta property=\"og:image:width\" content=\"1080\" \/>\n\t<meta property=\"og:image:height\" content=\"1080\" \/>\n<meta name=\"twitter:card\" content=\"summary_large_image\" \/>\n<meta name=\"twitter:label1\" content=\"Est. reading time\" \/>\n\t<meta name=\"twitter:data1\" content=\"1 minute\" \/>\n<script type=\"application\/ld+json\" class=\"yoast-schema-graph\">{\"@context\":\"https:\/\/schema.org\",\"@graph\":[{\"@type\":\"WebSite\",\"@id\":\"https:\/\/visithoogstraten.be\/#website\",\"url\":\"https:\/\/visithoogstraten.be\/\",\"name\":\"VisitHoogstraten\",\"description\":\"Ontdek Hoogstraten\",\"potentialAction\":[{\"@type\":\"SearchAction\",\"target\":{\"@type\":\"EntryPoint\",\"urlTemplate\":\"https:\/\/visithoogstraten.be\/?s={search_term_string}\"},\"query-input\":\"required name=search_term_string\"}],\"inLanguage\":\"fr-FR\"},{\"@type\":\"ImageObject\",\"@id\":\"https:\/\/visithoogstraten.be\/fr\/planifier-votre-visite\/accessibilite\/#primaryimage\",\"inLanguage\":\"fr-FR\",\"url\":\"https:\/\/cdn.visithoogstraten.be\/20210609130356\/52097248_2001900266779573_3373066112240451584_n.jpg\",\"contentUrl\":\"https:\/\/cdn.visithoogstraten.be\/20210609130356\/52097248_2001900266779573_3373066112240451584_n.jpg\",\"width\":1080,\"height\":1080},{\"@type\":\"WebPage\",\"@id\":\"https:\/\/visithoogstraten.be\/fr\/planifier-votre-visite\/accessibilite\/#webpage\",\"url\":\"https:\/\/visithoogstraten.be\/fr\/planifier-votre-visite\/accessibilite\/\",\"name\":\"Accessibilit\\u00e9 | VisitHoogstraten\",\"isPartOf\":{\"@id\":\"https:\/\/visithoogstraten.be\/#website\"},\"primaryImageOfPage\":{\"@id\":\"https:\/\/visithoogstraten.be\/fr\/planifier-votre-visite\/accessibilite\/#primaryimage\"},\"datePublished\":\"2023-04-24T11:41:55+00:00\",\"dateModified\":\"2023-04-24T11:41:56+00:00\",\"breadcrumb\":{\"@id\":\"https:\/\/visithoogstraten.be\/fr\/planifier-votre-visite\/accessibilite\/#breadcrumb\"},\"inLanguage\":\"fr-FR\",\"potentialAction\":[{\"@type\":\"ReadAction\",\"target\":[\"https:\/\/visithoogstraten.be\/fr\/planifier-votre-visite\/accessibilite\/\"]}]},{\"@type\":\"BreadcrumbList\",\"@id\":\"https:\/\/visithoogstraten.be\/fr\/planifier-votre-visite\/accessibilite\/#breadcrumb\",\"itemListElement\":[{\"@type\":\"ListItem\",\"position\":1,\"name\":\"Home\",\"item\":\"https:\/\/visithoogstraten.be\/fr\/\"},{\"@type\":\"ListItem\",\"position\":2,\"name\":\"Planifiez votre visite\",\"item\":\"https:\/\/visithoogstraten.be\/fr\/planifier-votre-visite\/\"},{\"@type\":\"ListItem\",\"position\":3,\"name\":\"Accessibilit\\u00e9\"}]}]}<\/script>\n<!-- \/ Yoast SEO plugin. -->","yoast_head_json":{"robots":{"index":"index","follow":"follow","max-snippet":"max-snippet:-1","max-image-preview":"max-image-preview:large","max-video-preview":"max-video-preview:-1"},"canonical":"https:\/\/visithoogstraten.be\/fr\/planifier-votre-visite\/accessibilite\/","og_locale":"fr_FR","og_type":"article","og_title":"Accessibilit\u00e9 | VisitHoogstraten","og_description":"Hoogstraten est la ville la plus septentrionale de...","og_url":"https:\/\/visithoogstraten.be\/fr\/planifier-votre-visite\/accessibilite\/","og_site_name":"VisitHoogstraten","article_publisher":"https:\/\/www.facebook.com\/visithoogstraten","article_modified_time":"2023-04-24T11:41:56+00:00","og_image":[{"width":1080,"height":1080,"url":"https:\/\/cdn.visithoogstraten.be\/20210609130356\/52097248_2001900266779573_3373066112240451584_n.jpg","type":"image\/jpeg"}],"twitter_card":"summary_large_image","twitter_misc":{"Est. reading time":"1 minute"},"schema":{"@context":"https:\/\/schema.org","@graph":[{"@type":"WebSite","@id":"https:\/\/visithoogstraten.be\/#website","url":"https:\/\/visithoogstraten.be\/","name":"VisitHoogstraten","description":"Ontdek Hoogstraten","potentialAction":[{"@type":"SearchAction","target":{"@type":"EntryPoint","urlTemplate":"https:\/\/visithoogstraten.be\/?s={search_term_string}"},"query-input":"required name=search_term_string"}],"inLanguage":"fr-FR"},{"@type":"ImageObject","@id":"https:\/\/visithoogstraten.be\/fr\/planifier-votre-visite\/accessibilite\/#primaryimage","inLanguage":"fr-FR","url":"https:\/\/cdn.visithoogstraten.be\/20210609130356\/52097248_2001900266779573_3373066112240451584_n.jpg","contentUrl":"https:\/\/cdn.visithoogstraten.be\/20210609130356\/52097248_2001900266779573_3373066112240451584_n.jpg","width":1080,"height":1080},{"@type":"WebPage","@id":"https:\/\/visithoogstraten.be\/fr\/planifier-votre-visite\/accessibilite\/#webpage","url":"https:\/\/visithoogstraten.be\/fr\/planifier-votre-visite\/accessibilite\/","name":"Accessibilit\u00e9 | VisitHoogstraten","isPartOf":{"@id":"https:\/\/visithoogstraten.be\/#website"},"primaryImageOfPage":{"@id":"https:\/\/visithoogstraten.be\/fr\/planifier-votre-visite\/accessibilite\/#primaryimage"},"datePublished":"2023-04-24T11:41:55+00:00","dateModified":"2023-04-24T11:41:56+00:00","breadcrumb":{"@id":"https:\/\/visithoogstraten.be\/fr\/planifier-votre-visite\/accessibilite\/#breadcrumb"},"inLanguage":"fr-FR","potentialAction":[{"@type":"ReadAction","target":["https:\/\/visithoogstraten.be\/fr\/planifier-votre-visite\/accessibilite\/"]}]},{"@type":"BreadcrumbList","@id":"https:\/\/visithoogstraten.be\/fr\/planifier-votre-visite\/accessibilite\/#breadcrumb","itemListElement":[{"@type":"ListItem","position":1,"name":"Home","item":"https:\/\/visithoogstraten.be\/fr\/"},{"@type":"ListItem","position":2,"name":"Planifiez votre visite","item":"https:\/\/visithoogstraten.be\/fr\/planifier-votre-visite\/"},{"@type":"ListItem","position":3,"name":"Accessibilit\u00e9"}]}]}},"_links":{"self":[{"href":"https:\/\/visithoogstraten.be\/fr\/wp-json\/wp\/v2\/pages\/16944"}],"collection":[{"href":"https:\/\/visithoogstraten.be\/fr\/wp-json\/wp\/v2\/pages"}],"about":[{"href":"https:\/\/visithoogstraten.be\/fr\/wp-json\/wp\/v2\/types\/page"}],"author":[{"embeddable":true,"href":"https:\/\/visithoogstraten.be\/fr\/wp-json\/wp\/v2\/users\/1"}],"replies":[{"embeddable":true,"href":"https:\/\/visithoogstraten.be\/fr\/wp-json\/wp\/v2\/comments?post=16944"}],"version-history":[{"count":10,"href":"https:\/\/visithoogstraten.be\/fr\/wp-json\/wp\/v2\/pages\/16944\/revisions"}],"predecessor-version":[{"id":19130,"href":"https:\/\/visithoogstraten.be\/fr\/wp-json\/wp\/v2\/pages\/16944\/revisions\/19130"}],"up":[{"embeddable":true,"href":"https:\/\/visithoogstraten.be\/fr\/wp-json\/wp\/v2\/pages\/16942"}],"wp:featuredmedia":[{"embeddable":true,"href":"https:\/\/visithoogstraten.be\/fr\/wp-json\/wp\/v2\/media\/294"}],"wp:attachment":[{"href":"https:\/\/visithoogstraten.be\/fr\/wp-json\/wp\/v2\/media?parent=16944"}],"curies":[{"name":"wp","href":"https:\/\/api.w.org\/{rel}","templated":true}]}}