{"id":16942,"date":"2023-01-31T09:24:58","date_gmt":"2023-01-31T08:24:58","guid":{"rendered":"https:\/\/visithoogstraten.be\/?page_id=16942"},"modified":"2023-04-24T13:40:50","modified_gmt":"2023-04-24T11:40:50","slug":"planifier-votre-visite","status":"publish","type":"page","link":"https:\/\/visithoogstraten.be\/fr\/planifier-votre-visite\/","title":{"rendered":"Planifiez votre visite"},"content":{"rendered":"\n<p class=\"has-medium-font-size\"><strong>Toutes les informations pratiques en un seul endroit<\/strong>.<\/p>\n\n\n\n<p>Vous planifiez une visite \u00e0 Hoogstraten et vous souhaitez des informations personnalis\u00e9es ? VisitHoogstraten est heureux de vous aider ! Dans le centre de Hoogstraten, vous pouvez vous rendre au bureau d&rsquo;information de VisitHoogstraten. Vous pouvez \u00e9galement nous contacter par t\u00e9l\u00e9phone ou par courriel.<\/p>\n\n\n<div id=\"page-cards-block_64428cacb1b27\" class=\"page-cards\">\n    <ul>\n                    <li>\n                Accessibilit\u00e9            <\/li>\n                    <li>\n                Stationnement            <\/li>\n                    <li>\n                5 fa\u00e7ons sympas de s\u00e9journer \u00e0 Hoogstraten            <\/li>\n            <\/ul>\n<\/div>\n\n<div id=\"page-list-reverse-block_644628ecfcd28\" class=\"page-list-reverse\">\n    <div class=\"page-list-reverse-text\">\n        <h3 class=\"page-list-reverse-title\">Contact<\/h3>\n        <div class=\"page-list-reverse-text\">De tekst&#8230;<\/div>\n        <ul class=\"page-list-reverse-list\">\n                            <li>Contact<\/li>\n                            <li>Heures d\u2019ouverture<\/li>\n                    <\/ul>\n    <\/div>\n    <div class=\"page-list-reverse-image\">\n        <img width=\"800\" height=\"600\" src=\"https:\/\/cdn.visithoogstraten.be\/20220504143735\/inkom-800x600.jpg\" class=\"attachment-large size-large\" alt=\"Plan je bezoek\" loading=\"lazy\" srcset=\"https:\/\/cdn.visithoogstraten.be\/20220504143735\/inkom-800x600.jpg 800w, https:\/\/cdn.visithoogstraten.be\/20220504143735\/inkom-300x225.jpg 300w, https:\/\/cdn.visithoogstraten.be\/20220504143735\/inkom-768x576.jpg 768w, https:\/\/cdn.visithoogstraten.be\/20220504143735\/inkom-1536x1152.jpg 1536w, https:\/\/cdn.visithoogstraten.be\/20220504143735\/inkom-1300x975.jpg 1300w, https:\/\/cdn.visithoogstraten.be\/20220504143735\/inkom-2000x1500.jpg 2000w, https:\/\/cdn.visithoogstraten.be\/20220504143735\/inkom-600x450.jpg 600w, https:\/\/cdn.visithoogstraten.be\/20220504143735\/inkom.jpg 2016w\" sizes=\"(max-width: 800px) 100vw, 800px\" \/>    <\/div>\n<\/div>\n<style type=\"text\/css\">\n    .page-list-reverse {\n        display: flex;\n        align-items: center;\n    }\n\n    .page-list-reverse-image img {\n        width: 200px;\n        height: 200px;\n    }\n\n    .page-list-reverse-text {\n        flex: 1;\n    }\n\n    .page-list-reverse ul {\n        padding: 0 !important;\n        margin: 0 !important;\n        list-style-type: none !important;\n    }\n<\/style>","protected":false},"excerpt":{"rendered":"<p>Toutes les informations pratiques en un seul endroit&#8230;.<\/p>\n","protected":false},"author":1,"featured_media":12385,"parent":0,"menu_order":0,"comment_status":"closed","ping_status":"closed","template":"","meta":[],"acf":[],"yoast_head":"<!-- This site is optimized with the Yoast SEO plugin v17.7.1 - https:\/\/yoast.com\/wordpress\/plugins\/seo\/ -->\n<meta name=\"robots\" content=\"index, follow, max-snippet:-1, max-image-preview:large, max-video-preview:-1\" \/>\n<link rel=\"canonical\" href=\"https:\/\/visithoogstraten.be\/fr\/planifier-votre-visite\/\" \/>\n<meta property=\"og:locale\" content=\"fr_FR\" \/>\n<meta property=\"og:type\" content=\"article\" \/>\n<meta property=\"og:title\" content=\"Planifiez votre visite | VisitHoogstraten\" \/>\n<meta property=\"og:description\" content=\"Toutes les informations pratiques en un seul endroit....\" \/>\n<meta property=\"og:url\" content=\"https:\/\/visithoogstraten.be\/fr\/planifier-votre-visite\/\" \/>\n<meta property=\"og:site_name\" content=\"VisitHoogstraten\" \/>\n<meta property=\"article:publisher\" content=\"https:\/\/www.facebook.com\/visithoogstraten\" \/>\n<meta property=\"article:modified_time\" content=\"2023-04-24T11:40:50+00:00\" \/>\n<meta property=\"og:image\" content=\"https:\/\/cdn.visithoogstraten.be\/20220517105232\/Overnachten-scaled.jpg\" \/>\n\t<meta property=\"og:image:width\" content=\"1707\" \/>\n\t<meta property=\"og:image:height\" content=\"2560\" \/>\n<meta name=\"twitter:card\" content=\"summary_large_image\" \/>\n<meta name=\"twitter:label1\" content=\"Est. reading time\" \/>\n\t<meta name=\"twitter:data1\" content=\"1 minute\" \/>\n<script type=\"application\/ld+json\" class=\"yoast-schema-graph\">{\"@context\":\"https:\/\/schema.org\",\"@graph\":[{\"@type\":\"WebSite\",\"@id\":\"https:\/\/visithoogstraten.be\/#website\",\"url\":\"https:\/\/visithoogstraten.be\/\",\"name\":\"VisitHoogstraten\",\"description\":\"Ontdek Hoogstraten\",\"potentialAction\":[{\"@type\":\"SearchAction\",\"target\":{\"@type\":\"EntryPoint\",\"urlTemplate\":\"https:\/\/visithoogstraten.be\/?s={search_term_string}\"},\"query-input\":\"required name=search_term_string\"}],\"inLanguage\":\"fr-FR\"},{\"@type\":\"ImageObject\",\"@id\":\"https:\/\/visithoogstraten.be\/fr\/planifier-votre-visite\/#primaryimage\",\"inLanguage\":\"fr-FR\",\"url\":\"https:\/\/cdn.visithoogstraten.be\/20220517105232\/Overnachten-scaled.jpg\",\"contentUrl\":\"https:\/\/cdn.visithoogstraten.be\/20220517105232\/Overnachten-scaled.jpg\",\"width\":1707,\"height\":2560},{\"@type\":\"WebPage\",\"@id\":\"https:\/\/visithoogstraten.be\/fr\/planifier-votre-visite\/#webpage\",\"url\":\"https:\/\/visithoogstraten.be\/fr\/planifier-votre-visite\/\",\"name\":\"Planifiez votre visite | VisitHoogstraten\",\"isPartOf\":{\"@id\":\"https:\/\/visithoogstraten.be\/#website\"},\"primaryImageOfPage\":{\"@id\":\"https:\/\/visithoogstraten.be\/fr\/planifier-votre-visite\/#primaryimage\"},\"datePublished\":\"2023-01-31T08:24:58+00:00\",\"dateModified\":\"2023-04-24T11:40:50+00:00\",\"breadcrumb\":{\"@id\":\"https:\/\/visithoogstraten.be\/fr\/planifier-votre-visite\/#breadcrumb\"},\"inLanguage\":\"fr-FR\",\"potentialAction\":[{\"@type\":\"ReadAction\",\"target\":[\"https:\/\/visithoogstraten.be\/fr\/planifier-votre-visite\/\"]}]},{\"@type\":\"BreadcrumbList\",\"@id\":\"https:\/\/visithoogstraten.be\/fr\/planifier-votre-visite\/#breadcrumb\",\"itemListElement\":[{\"@type\":\"ListItem\",\"position\":1,\"name\":\"Home\",\"item\":\"https:\/\/visithoogstraten.be\/fr\/\"},{\"@type\":\"ListItem\",\"position\":2,\"name\":\"Planifiez votre visite\"}]}]}<\/script>\n<!-- \/ Yoast SEO plugin. -->","yoast_head_json":{"robots":{"index":"index","follow":"follow","max-snippet":"max-snippet:-1","max-image-preview":"max-image-preview:large","max-video-preview":"max-video-preview:-1"},"canonical":"https:\/\/visithoogstraten.be\/fr\/planifier-votre-visite\/","og_locale":"fr_FR","og_type":"article","og_title":"Planifiez votre visite | VisitHoogstraten","og_description":"Toutes les informations pratiques en un seul endroit....","og_url":"https:\/\/visithoogstraten.be\/fr\/planifier-votre-visite\/","og_site_name":"VisitHoogstraten","article_publisher":"https:\/\/www.facebook.com\/visithoogstraten","article_modified_time":"2023-04-24T11:40:50+00:00","og_image":[{"width":1707,"height":2560,"url":"https:\/\/cdn.visithoogstraten.be\/20220517105232\/Overnachten-scaled.jpg","type":"image\/jpeg"}],"twitter_card":"summary_large_image","twitter_misc":{"Est. reading time":"1 minute"},"schema":{"@context":"https:\/\/schema.org","@graph":[{"@type":"WebSite","@id":"https:\/\/visithoogstraten.be\/#website","url":"https:\/\/visithoogstraten.be\/","name":"VisitHoogstraten","description":"Ontdek Hoogstraten","potentialAction":[{"@type":"SearchAction","target":{"@type":"EntryPoint","urlTemplate":"https:\/\/visithoogstraten.be\/?s={search_term_string}"},"query-input":"required name=search_term_string"}],"inLanguage":"fr-FR"},{"@type":"ImageObject","@id":"https:\/\/visithoogstraten.be\/fr\/planifier-votre-visite\/#primaryimage","inLanguage":"fr-FR","url":"https:\/\/cdn.visithoogstraten.be\/20220517105232\/Overnachten-scaled.jpg","contentUrl":"https:\/\/cdn.visithoogstraten.be\/20220517105232\/Overnachten-scaled.jpg","width":1707,"height":2560},{"@type":"WebPage","@id":"https:\/\/visithoogstraten.be\/fr\/planifier-votre-visite\/#webpage","url":"https:\/\/visithoogstraten.be\/fr\/planifier-votre-visite\/","name":"Planifiez votre visite | VisitHoogstraten","isPartOf":{"@id":"https:\/\/visithoogstraten.be\/#website"},"primaryImageOfPage":{"@id":"https:\/\/visithoogstraten.be\/fr\/planifier-votre-visite\/#primaryimage"},"datePublished":"2023-01-31T08:24:58+00:00","dateModified":"2023-04-24T11:40:50+00:00","breadcrumb":{"@id":"https:\/\/visithoogstraten.be\/fr\/planifier-votre-visite\/#breadcrumb"},"inLanguage":"fr-FR","potentialAction":[{"@type":"ReadAction","target":["https:\/\/visithoogstraten.be\/fr\/planifier-votre-visite\/"]}]},{"@type":"BreadcrumbList","@id":"https:\/\/visithoogstraten.be\/fr\/planifier-votre-visite\/#breadcrumb","itemListElement":[{"@type":"ListItem","position":1,"name":"Home","item":"https:\/\/visithoogstraten.be\/fr\/"},{"@type":"ListItem","position":2,"name":"Planifiez votre visite"}]}]}},"_links":{"self":[{"href":"https:\/\/visithoogstraten.be\/fr\/wp-json\/wp\/v2\/pages\/16942"}],"collection":[{"href":"https:\/\/visithoogstraten.be\/fr\/wp-json\/wp\/v2\/pages"}],"about":[{"href":"https:\/\/visithoogstraten.be\/fr\/wp-json\/wp\/v2\/types\/page"}],"author":[{"embeddable":true,"href":"https:\/\/visithoogstraten.be\/fr\/wp-json\/wp\/v2\/users\/1"}],"replies":[{"embeddable":true,"href":"https:\/\/visithoogstraten.be\/fr\/wp-json\/wp\/v2\/comments?post=16942"}],"version-history":[{"count":32,"href":"https:\/\/visithoogstraten.be\/fr\/wp-json\/wp\/v2\/pages\/16942\/revisions"}],"predecessor-version":[{"id":19231,"href":"https:\/\/visithoogstraten.be\/fr\/wp-json\/wp\/v2\/pages\/16942\/revisions\/19231"}],"wp:featuredmedia":[{"embeddable":true,"href":"https:\/\/visithoogstraten.be\/fr\/wp-json\/wp\/v2\/media\/12385"}],"wp:attachment":[{"href":"https:\/\/visithoogstraten.be\/fr\/wp-json\/wp\/v2\/media?parent=16942"}],"curies":[{"name":"wp","href":"https:\/\/api.w.org\/{rel}","templated":true}]}}