{"id":16940,"date":"2023-04-24T13:40:14","date_gmt":"2023-04-24T11:40:14","guid":{"rendered":"https:\/\/visithoogstraten.be\/?page_id=16940"},"modified":"2023-04-24T13:55:07","modified_gmt":"2023-04-24T11:55:07","slug":"nature","status":"publish","type":"page","link":"https:\/\/visithoogstraten.be\/fr\/nature\/","title":{"rendered":"Nature"},"content":{"rendered":"\n<p>Quelle que soit la zone naturelle exceptionnelle de Hoogstraten dans laquelle vous plongez, vous passez la fronti\u00e8re sans vous faire remarquer. La nature est \u00e0 couper le souffle des deux c\u00f4t\u00e9s, le silence est apaisant et les vues sont infinies.<\/p>\n\n\n\n<p>Des moutons au p\u00e2turage, des cerfs timides et des faucons priants vous accompagnent sur votre chemin. L&rsquo;eau ondulante, les for\u00eats rafra\u00eechissantes et les vastes champs se succ\u00e8dent dans un cadre authentique. Vous marchez d&rsquo;une surprise \u00e0 l&rsquo;autre, quelle que soit la zone que vous choisissez. Traversez <a href=\"https:\/\/visithoogstraten.be\/wp-content\/uploads\/2022\/04\/Definitief_flirten-met-de-grens.pdf\">Wortel-Kolonie<\/a> ou d\u00e9couvrez Den <a href=\"https:\/\/visithoogstraten.be\/wp-content\/uploads\/2022\/11\/Landschap-zonder-grenzen-2022.pdf\" target=\"_blank\" rel=\"noreferrer noopener\">Elsakker, le Chaamse Beek et le Strijbeekse Heide<\/a>. Ou choisissez la vall\u00e9e de Het Merkske. Ce m\u00e9andreux affluent du Mark ne se soucie pas des fronti\u00e8res nationales. <a href=\"https:\/\/cdn.visithoogstraten.be\/20210813130750\/Brochure-Den-Rooy.pdf\" target=\"_blank\" rel=\"noreferrer noopener\">Den Rooy &amp; Smisselbergen<\/a>, des zones de randonn\u00e9e relativement jeunes, r\u00e9v\u00e8lent \u00e9galement leur beaut\u00e9.<\/p>\n\n\n\n<p>R\u00e9galez vos yeux. Laissez la nature vous guider. Prenez votre temps\u2026. Le temps de profiter du paysage, du calme et de l&rsquo;autre. Des endroits idylliques vous attendent \u00e0 Hoogstraten.<\/p>\n\n\n\n<div class=\"wp-block-media-text alignwide is-stacked-on-mobile\"><figure class=\"wp-block-media-text__media\"><img loading=\"lazy\" width=\"800\" height=\"600\" src=\"https:\/\/cdn.visithoogstraten.be\/20210617093115\/Wandelomslag-Philippe-Wuyts-800x600.jpg\" alt=\"Wandeltweedaagse Land van Mark &amp; Merkske\" class=\"wp-image-1560 size-full\" srcset=\"https:\/\/cdn.visithoogstraten.be\/20210617093115\/Wandelomslag-Philippe-Wuyts-800x600.jpg 800w, https:\/\/cdn.visithoogstraten.be\/20210617093115\/Wandelomslag-Philippe-Wuyts-300x225.jpg 300w\" sizes=\"(max-width: 800px) 100vw, 800px\" \/><\/figure><div class=\"wp-block-media-text__content\">\n<p class=\"has-large-font-size\">Randonn\u00e9e<\/p>\n\n\n\n<p>Plusieurs promenades fascinantes et un vaste r\u00e9seau de randonn\u00e9es vous attendent \u00e0 Hoogstraten.<\/p>\n\n\n\n<p>Une promenade rapide dans la nature, arm\u00e9 de bottes, d&rsquo;un parapluie et de jumelles ? Ou plut\u00f4t une randonn\u00e9e courte mais vigoureuse avec toute la famille ? Et que diriez-vous d&rsquo;une promenade inspirante en ville le long d&rsquo;un patrimoine s\u00e9culaire ? Tout est possible, alors enfilez vos chaussures de randonn\u00e9e, sortez et savourez ensuite une pinte de bi\u00e8re locale ou une tasse de caf\u00e9 r\u00e9confortante.<\/p>\n<\/div><\/div>\n\n\n\n<p><a href=\"https:\/\/visithoogstraten.be\/fr\/planifier-votre-visite\/contact\/\" target=\"_blank\" rel=\"noreferrer noopener\">Contactez VisitHoogstraten<\/a> pour obtenir l&rsquo;itin\u00e9raire des diff\u00e9rentes promenades et routes. Vous pouvez \u00e9galement les <a href=\"https:\/\/visithoogstraten.be\/ontdekken\/wandelen-en-fietsen\/\" target=\"_blank\" rel=\"noreferrer noopener\">t\u00e9l\u00e9charger sur notre site web<\/a>, mais les informations de base ne sont disponibles qu&rsquo;en n\u00e9erlandais.<\/p>\n\n\n\n<div class=\"wp-block-media-text alignwide has-media-on-the-right is-stacked-on-mobile\"><figure class=\"wp-block-media-text__media\"><img loading=\"lazy\" width=\"800\" height=\"600\" src=\"https:\/\/cdn.visithoogstraten.be\/20210902083746\/Pierre-Verbaeten-fietspad-mark-800x600.jpg\" alt=\"Fietsen in het Land van Mark &amp; merkske\" class=\"wp-image-5769 size-full\" srcset=\"https:\/\/cdn.visithoogstraten.be\/20210902083746\/Pierre-Verbaeten-fietspad-mark-800x600.jpg 800w, https:\/\/cdn.visithoogstraten.be\/20210902083746\/Pierre-Verbaeten-fietspad-mark-300x225.jpg 300w\" sizes=\"(max-width: 800px) 100vw, 800px\" \/><\/figure><div class=\"wp-block-media-text__content\">\n<p class=\"has-large-font-size\">Cyclisme<\/p>\n\n\n\n<p>Faire du v\u00e9lo \u00e0 Hoogstraten et dans les environs est merveilleux. Partout o\u00f9 cela est possible, les pistes cyclables serpentent dans la nature, au milieu des champs et des prairies, le long des berges de la rivi\u00e8re \u2018de Mark\u2019 ou dans les vastes for\u00eats ombrag\u00e9es de Wortel-Kolonie.<\/p>\n\n\n\n<p>Hoogstraten a quelque chose \u00e0 offrir \u00e0 tout le monde : des boucles courtes et puissantes, un r\u00e9seau cyclable \u00e9tendu, des itin\u00e9raires de VTT et de v\u00e9lo de route pour les cyclistes sportifs, un forfait cycliste de plusieurs jours et un itin\u00e9raire cycliste longue distance pour les aventuriers.<\/p>\n<\/div><\/div>\n\n\n\n<blockquote class=\"wp-block-quote\"><p>La Route des Fraises (<a href=\"https:\/\/visithoogstraten.be\/fr\/ontdekken\/wandelen-en-fietsen\/aardbeienroute\/\">Aardbeienroute<\/a>) existe depuis 1977 et est l&rsquo;un des premiers itin\u00e9raires \u00e0 th\u00e8me d\u00e9velopp\u00e9s dans la province d&rsquo;Anvers. L&rsquo;itin\u00e9raire traverse tout le territoire de Hoogstraten et vous emm\u00e8ne via la piste cyclable le long de la rivi\u00e8re \u2018de Mark\u2019 jusqu&rsquo;\u00e0 la fronti\u00e8re avec les Pays-Bas.<\/p><\/blockquote>\n\n\n<div id=\"gallery-block_6442894635c2a\" class=\"gallery\">\n    <h3>De titel&#8230;<\/h3>\n    <p>De tekst&#8230;<\/p>\n\n    <ul>\n                    <li>\n                <img width=\"300\" height=\"225\" src=\"https:\/\/cdn.visithoogstraten.be\/20220502133606\/2020-06-23-Wortel-Kolonie-ree-9-van-12-300x225.jpg\" class=\"attachment-medium size-medium\" alt=\"Wortel-Kolonie\" loading=\"lazy\" srcset=\"https:\/\/cdn.visithoogstraten.be\/20220502133606\/2020-06-23-Wortel-Kolonie-ree-9-van-12-300x225.jpg 300w, https:\/\/cdn.visithoogstraten.be\/20220502133606\/2020-06-23-Wortel-Kolonie-ree-9-van-12-800x600.jpg 800w\" sizes=\"(max-width: 300px) 100vw, 300px\" \/>            <\/li>\n                    <li>\n                <img width=\"300\" height=\"225\" src=\"https:\/\/cdn.visithoogstraten.be\/20220301095753\/Fietspad-langs-de-Mark-300x225.jpg\" class=\"attachment-medium size-medium\" alt=\"Fietspad langs de Mark\" loading=\"lazy\" srcset=\"https:\/\/cdn.visithoogstraten.be\/20220301095753\/Fietspad-langs-de-Mark-300x225.jpg 300w, https:\/\/cdn.visithoogstraten.be\/20220301095753\/Fietspad-langs-de-Mark-800x600.jpg 800w, https:\/\/cdn.visithoogstraten.be\/20220301095753\/Fietspad-langs-de-Mark-768x576.jpg 768w, https:\/\/cdn.visithoogstraten.be\/20220301095753\/Fietspad-langs-de-Mark-600x450.jpg 600w, https:\/\/cdn.visithoogstraten.be\/20220301095753\/Fietspad-langs-de-Mark.jpg 1024w\" sizes=\"(max-width: 300px) 100vw, 300px\" \/>            <\/li>\n                    <li>\n                <img width=\"300\" height=\"225\" src=\"https:\/\/cdn.visithoogstraten.be\/20210903114207\/MgrEestermans169-300x225.jpg\" class=\"attachment-medium size-medium\" alt=\"Eestermanspad\" loading=\"lazy\" \/>            <\/li>\n                    <li>\n                <img width=\"300\" height=\"225\" src=\"https:\/\/cdn.visithoogstraten.be\/20220414145330\/2022-02-12-De-Mark-1-Wim-Verschraegen-300x225.jpg\" class=\"attachment-medium size-medium\" alt=\"De Mark\" loading=\"lazy\" srcset=\"https:\/\/cdn.visithoogstraten.be\/20220414145330\/2022-02-12-De-Mark-1-Wim-Verschraegen-300x225.jpg 300w, https:\/\/cdn.visithoogstraten.be\/20220414145330\/2022-02-12-De-Mark-1-Wim-Verschraegen-800x600.jpg 800w\" sizes=\"(max-width: 300px) 100vw, 300px\" \/>            <\/li>\n                    <li>\n                <img width=\"300\" height=\"225\" src=\"https:\/\/cdn.visithoogstraten.be\/20210903114338\/Strijbeekse-Heide-Wim-Verschraegen-1-5-300x225.jpg\" class=\"attachment-medium size-medium\" alt=\"\" loading=\"lazy\" srcset=\"https:\/\/cdn.visithoogstraten.be\/20210903114338\/Strijbeekse-Heide-Wim-Verschraegen-1-5-300x225.jpg 300w, https:\/\/cdn.visithoogstraten.be\/20210903114338\/Strijbeekse-Heide-Wim-Verschraegen-1-5-800x600.jpg 800w\" sizes=\"(max-width: 300px) 100vw, 300px\" \/>            <\/li>\n                    <li>\n                <img width=\"300\" height=\"225\" src=\"https:\/\/cdn.visithoogstraten.be\/20210902132327\/PHOTO-2018-09-24-08-49-48-300x225.jpg\" class=\"attachment-medium size-medium\" alt=\"Kolonieroute\" loading=\"lazy\" srcset=\"https:\/\/cdn.visithoogstraten.be\/20210902132327\/PHOTO-2018-09-24-08-49-48-300x225.jpg 300w, https:\/\/cdn.visithoogstraten.be\/20210902132327\/PHOTO-2018-09-24-08-49-48-800x600.jpg 800w, https:\/\/cdn.visithoogstraten.be\/20210902132327\/PHOTO-2018-09-24-08-49-48-768x576.jpg 768w, https:\/\/cdn.visithoogstraten.be\/20210902132327\/PHOTO-2018-09-24-08-49-48-1536x1153.jpg 1536w, https:\/\/cdn.visithoogstraten.be\/20210902132327\/PHOTO-2018-09-24-08-49-48-1300x976.jpg 1300w, https:\/\/cdn.visithoogstraten.be\/20210902132327\/PHOTO-2018-09-24-08-49-48-600x450.jpg 600w, https:\/\/cdn.visithoogstraten.be\/20210902132327\/PHOTO-2018-09-24-08-49-48.jpg 1599w\" sizes=\"(max-width: 300px) 100vw, 300px\" \/>            <\/li>\n            <\/ul>\n<\/div>\n<style type=\"text\/css\">\n    .gallery h3 {\n        margin: 0 !important;\n    }\n\n    .gallery p {\n        margin: 0 !important;\n    }\n\n    .gallery ul {\n        padding: 0 !important;\n        margin: 0 !important;\n        list-style-type: none !important;\n        display: flex;\n        flex-wrap: wrap;\n        gap: 15px;\n    }\n    .gallery ul li {\n        width: calc((100%\/3) - 10px);\n        display: flex;\n\n    }\n    .gallery ul li img{\n        width: 100%;\n    }\n<\/style>","protected":false},"excerpt":{"rendered":"<p>Quelle que soit la zone naturelle exceptionnelle de&#8230;<\/p>\n","protected":false},"author":1,"featured_media":1828,"parent":0,"menu_order":0,"comment_status":"closed","ping_status":"closed","template":"","meta":[],"acf":[],"yoast_head":"<!-- This site is optimized with the Yoast SEO plugin v17.7.1 - https:\/\/yoast.com\/wordpress\/plugins\/seo\/ -->\n<meta name=\"robots\" content=\"index, follow, max-snippet:-1, max-image-preview:large, max-video-preview:-1\" \/>\n<link rel=\"canonical\" href=\"https:\/\/visithoogstraten.be\/fr\/nature\/\" \/>\n<meta property=\"og:locale\" content=\"fr_FR\" \/>\n<meta property=\"og:type\" content=\"article\" \/>\n<meta property=\"og:title\" content=\"Nature | VisitHoogstraten\" \/>\n<meta property=\"og:description\" content=\"Quelle que soit la zone naturelle exceptionnelle de...\" \/>\n<meta property=\"og:url\" content=\"https:\/\/visithoogstraten.be\/fr\/nature\/\" \/>\n<meta property=\"og:site_name\" content=\"VisitHoogstraten\" \/>\n<meta property=\"article:publisher\" content=\"https:\/\/www.facebook.com\/visithoogstraten\" \/>\n<meta property=\"article:modified_time\" content=\"2023-04-24T11:55:07+00:00\" \/>\n<meta property=\"og:image\" content=\"https:\/\/cdn.visithoogstraten.be\/20210619064333\/2018-08-16-Strijbeekse-heide-37-van-77-scaled.jpg\" \/>\n\t<meta property=\"og:image:width\" content=\"2560\" \/>\n\t<meta property=\"og:image:height\" content=\"1707\" \/>\n<meta name=\"twitter:card\" content=\"summary_large_image\" \/>\n<meta name=\"twitter:label1\" content=\"Est. reading time\" \/>\n\t<meta name=\"twitter:data1\" content=\"3 minutes\" \/>\n<script type=\"application\/ld+json\" class=\"yoast-schema-graph\">{\"@context\":\"https:\/\/schema.org\",\"@graph\":[{\"@type\":\"WebSite\",\"@id\":\"https:\/\/visithoogstraten.be\/#website\",\"url\":\"https:\/\/visithoogstraten.be\/\",\"name\":\"VisitHoogstraten\",\"description\":\"Ontdek Hoogstraten\",\"potentialAction\":[{\"@type\":\"SearchAction\",\"target\":{\"@type\":\"EntryPoint\",\"urlTemplate\":\"https:\/\/visithoogstraten.be\/?s={search_term_string}\"},\"query-input\":\"required name=search_term_string\"}],\"inLanguage\":\"fr-FR\"},{\"@type\":\"ImageObject\",\"@id\":\"https:\/\/visithoogstraten.be\/fr\/nature\/#primaryimage\",\"inLanguage\":\"fr-FR\",\"url\":\"https:\/\/cdn.visithoogstraten.be\/20210619064333\/2018-08-16-Strijbeekse-heide-37-van-77-scaled.jpg\",\"contentUrl\":\"https:\/\/cdn.visithoogstraten.be\/20210619064333\/2018-08-16-Strijbeekse-heide-37-van-77-scaled.jpg\",\"width\":2560,\"height\":1707,\"caption\":\"Wim Verschraegen\"},{\"@type\":\"WebPage\",\"@id\":\"https:\/\/visithoogstraten.be\/fr\/nature\/#webpage\",\"url\":\"https:\/\/visithoogstraten.be\/fr\/nature\/\",\"name\":\"Nature | VisitHoogstraten\",\"isPartOf\":{\"@id\":\"https:\/\/visithoogstraten.be\/#website\"},\"primaryImageOfPage\":{\"@id\":\"https:\/\/visithoogstraten.be\/fr\/nature\/#primaryimage\"},\"datePublished\":\"2023-04-24T11:40:14+00:00\",\"dateModified\":\"2023-04-24T11:55:07+00:00\",\"breadcrumb\":{\"@id\":\"https:\/\/visithoogstraten.be\/fr\/nature\/#breadcrumb\"},\"inLanguage\":\"fr-FR\",\"potentialAction\":[{\"@type\":\"ReadAction\",\"target\":[\"https:\/\/visithoogstraten.be\/fr\/nature\/\"]}]},{\"@type\":\"BreadcrumbList\",\"@id\":\"https:\/\/visithoogstraten.be\/fr\/nature\/#breadcrumb\",\"itemListElement\":[{\"@type\":\"ListItem\",\"position\":1,\"name\":\"Home\",\"item\":\"https:\/\/visithoogstraten.be\/fr\/\"},{\"@type\":\"ListItem\",\"position\":2,\"name\":\"Nature\"}]}]}<\/script>\n<!-- \/ Yoast SEO plugin. -->","yoast_head_json":{"robots":{"index":"index","follow":"follow","max-snippet":"max-snippet:-1","max-image-preview":"max-image-preview:large","max-video-preview":"max-video-preview:-1"},"canonical":"https:\/\/visithoogstraten.be\/fr\/nature\/","og_locale":"fr_FR","og_type":"article","og_title":"Nature | VisitHoogstraten","og_description":"Quelle que soit la zone naturelle exceptionnelle de...","og_url":"https:\/\/visithoogstraten.be\/fr\/nature\/","og_site_name":"VisitHoogstraten","article_publisher":"https:\/\/www.facebook.com\/visithoogstraten","article_modified_time":"2023-04-24T11:55:07+00:00","og_image":[{"width":2560,"height":1707,"url":"https:\/\/cdn.visithoogstraten.be\/20210619064333\/2018-08-16-Strijbeekse-heide-37-van-77-scaled.jpg","type":"image\/jpeg"}],"twitter_card":"summary_large_image","twitter_misc":{"Est. reading time":"3 minutes"},"schema":{"@context":"https:\/\/schema.org","@graph":[{"@type":"WebSite","@id":"https:\/\/visithoogstraten.be\/#website","url":"https:\/\/visithoogstraten.be\/","name":"VisitHoogstraten","description":"Ontdek Hoogstraten","potentialAction":[{"@type":"SearchAction","target":{"@type":"EntryPoint","urlTemplate":"https:\/\/visithoogstraten.be\/?s={search_term_string}"},"query-input":"required name=search_term_string"}],"inLanguage":"fr-FR"},{"@type":"ImageObject","@id":"https:\/\/visithoogstraten.be\/fr\/nature\/#primaryimage","inLanguage":"fr-FR","url":"https:\/\/cdn.visithoogstraten.be\/20210619064333\/2018-08-16-Strijbeekse-heide-37-van-77-scaled.jpg","contentUrl":"https:\/\/cdn.visithoogstraten.be\/20210619064333\/2018-08-16-Strijbeekse-heide-37-van-77-scaled.jpg","width":2560,"height":1707,"caption":"Wim Verschraegen"},{"@type":"WebPage","@id":"https:\/\/visithoogstraten.be\/fr\/nature\/#webpage","url":"https:\/\/visithoogstraten.be\/fr\/nature\/","name":"Nature | VisitHoogstraten","isPartOf":{"@id":"https:\/\/visithoogstraten.be\/#website"},"primaryImageOfPage":{"@id":"https:\/\/visithoogstraten.be\/fr\/nature\/#primaryimage"},"datePublished":"2023-04-24T11:40:14+00:00","dateModified":"2023-04-24T11:55:07+00:00","breadcrumb":{"@id":"https:\/\/visithoogstraten.be\/fr\/nature\/#breadcrumb"},"inLanguage":"fr-FR","potentialAction":[{"@type":"ReadAction","target":["https:\/\/visithoogstraten.be\/fr\/nature\/"]}]},{"@type":"BreadcrumbList","@id":"https:\/\/visithoogstraten.be\/fr\/nature\/#breadcrumb","itemListElement":[{"@type":"ListItem","position":1,"name":"Home","item":"https:\/\/visithoogstraten.be\/fr\/"},{"@type":"ListItem","position":2,"name":"Nature"}]}]}},"_links":{"self":[{"href":"https:\/\/visithoogstraten.be\/fr\/wp-json\/wp\/v2\/pages\/16940"}],"collection":[{"href":"https:\/\/visithoogstraten.be\/fr\/wp-json\/wp\/v2\/pages"}],"about":[{"href":"https:\/\/visithoogstraten.be\/fr\/wp-json\/wp\/v2\/types\/page"}],"author":[{"embeddable":true,"href":"https:\/\/visithoogstraten.be\/fr\/wp-json\/wp\/v2\/users\/1"}],"replies":[{"embeddable":true,"href":"https:\/\/visithoogstraten.be\/fr\/wp-json\/wp\/v2\/comments?post=16940"}],"version-history":[{"count":30,"href":"https:\/\/visithoogstraten.be\/fr\/wp-json\/wp\/v2\/pages\/16940\/revisions"}],"predecessor-version":[{"id":19253,"href":"https:\/\/visithoogstraten.be\/fr\/wp-json\/wp\/v2\/pages\/16940\/revisions\/19253"}],"wp:featuredmedia":[{"embeddable":true,"href":"https:\/\/visithoogstraten.be\/fr\/wp-json\/wp\/v2\/media\/1828"}],"wp:attachment":[{"href":"https:\/\/visithoogstraten.be\/fr\/wp-json\/wp\/v2\/media?parent=16940"}],"curies":[{"name":"wp","href":"https:\/\/api.w.org\/{rel}","templated":true}]}}