{"id":16938,"date":"2023-04-24T13:39:31","date_gmt":"2023-04-24T11:39:31","guid":{"rendered":"https:\/\/visithoogstraten.be\/?page_id=16938"},"modified":"2023-04-24T13:39:32","modified_gmt":"2023-04-24T11:39:32","slug":"nourriture-et-boissons","status":"publish","type":"page","link":"https:\/\/visithoogstraten.be\/fr\/nourriture-et-boissons\/","title":{"rendered":"Boire et manger"},"content":{"rendered":"\n<p>Hoogstraten est connu pour son savoir-faire culinaire. Les meilleurs chefs vous serviront les plats les plus d\u00e9licieux avec des produits locaux de haute qualit\u00e9. Servi avec un beau sourire et surmont\u00e9 de l&rsquo;hospitalit\u00e9 bien connue, chaque repas Hoogstraten devient une v\u00e9ritable exp\u00e9rience. <strong><a href=\"https:\/\/visithoogstraten.be\/eten-en-drinken\/cafes-en-restaurants\/\" target=\"_blank\" rel=\"noreferrer noopener\">Venez d\u00e9guster!<\/a><\/strong><\/p>\n\n\n\n<p><strong>Les d\u00e9licieuses friandises de Hoogstraten<\/strong><\/p>\n\n\n\n<p>La marque \u00ab\u00a0Hoogstraten\u00a0\u00bb est un gage de qualit\u00e9 et de savoir-faire. Ramenez chez vous un souvenir savoureux et original et vous \u00eates s\u00fbr de faire mouche. Vous trouverez les produits au comptoir de VisitHoogstraten.<\/p>\n\n\n\n<div class=\"wp-block-media-text alignwide is-stacked-on-mobile\"><figure class=\"wp-block-media-text__media\"><img loading=\"lazy\" width=\"800\" height=\"600\" src=\"https:\/\/cdn.visithoogstraten.be\/20221011082921\/20220921-StadHoogstraten-Webres-MatsPalinckx-57-800x600.jpg\" alt=\"\" class=\"wp-image-15163 size-full\" srcset=\"https:\/\/cdn.visithoogstraten.be\/20221011082921\/20220921-StadHoogstraten-Webres-MatsPalinckx-57-800x600.jpg 800w, https:\/\/cdn.visithoogstraten.be\/20221011082921\/20220921-StadHoogstraten-Webres-MatsPalinckx-57-300x225.jpg 300w\" sizes=\"(max-width: 800px) 100vw, 800px\" \/><\/figure><div class=\"wp-block-media-text__content\">\n<p class=\"has-large-font-size\">Brass\u00e9e avec passion<\/p>\n\n\n\n<p>Hoogstraten s&rsquo;est plac\u00e9e sur la carte r\u00e9gionale des bi\u00e8res. Des bi\u00e8res prim\u00e9es dans le monde entier sont brass\u00e9es \u00e0 Hoogstraten. Ce sont toutes des bi\u00e8res au caract\u00e8re fort, \u00e0 l&rsquo;arri\u00e8re-go\u00fbt \u00e9pic\u00e9 et aux noms retentissants tels que &lsquo;Zeezuiper&rsquo;, &lsquo; \u2019n Toeback&rsquo;, &lsquo;Poorterbier&rsquo; et &lsquo;Salm Salm&rsquo;. Non seulement elles font appel \u00e0 l&rsquo;imagination, mais elles sont aussi \u00e9tonnamment savoureuses.<\/p>\n<\/div><\/div>\n\n\n\n<div class=\"wp-block-media-text alignwide has-media-on-the-right is-stacked-on-mobile\"><figure class=\"wp-block-media-text__media\"><img loading=\"lazy\" width=\"800\" height=\"600\" src=\"https:\/\/cdn.visithoogstraten.be\/20230105132649\/20220921-StadHoogstraten-Webres-MatsPalinckx-151-800x600.jpg\" alt=\"\" class=\"wp-image-16618 size-full\" srcset=\"https:\/\/cdn.visithoogstraten.be\/20230105132649\/20220921-StadHoogstraten-Webres-MatsPalinckx-151-800x600.jpg 800w, https:\/\/cdn.visithoogstraten.be\/20230105132649\/20220921-StadHoogstraten-Webres-MatsPalinckx-151-300x225.jpg 300w\" sizes=\"(max-width: 800px) 100vw, 800px\" \/><\/figure><div class=\"wp-block-media-text__content\">\n<p class=\"has-large-font-size\">From Hoogstraten with love<\/p>\n\n\n\n<p>Les fraises de Hoogstraten sont mondialement connues. Bien au-del\u00e0 de Hoogstraten et de l&rsquo;Europe, la fraise de Hoogstraten est connue pour sa qualit\u00e9 et son go\u00fbt, ce dont nous sommes tr\u00e8s fiers !<\/p>\n\n\n\n<p>Mais ce n&rsquo;est pas tout : les cerises d&rsquo;un rouge profond, les myrtilles velout\u00e9es, les kiwis, les pommes succulentes et les poires brillantes constituent la liste des fruits d\u00e9licieux de Hoogstraten.<\/p>\n<\/div><\/div>\n\n\n\n<div class=\"wp-block-media-text alignwide is-stacked-on-mobile\"><figure class=\"wp-block-media-text__media\"><img loading=\"lazy\" width=\"800\" height=\"600\" src=\"https:\/\/cdn.visithoogstraten.be\/20221018144639\/20220921-StadHoogstraten-Webres-MatsPalinckx-37-800x600.jpg\" alt=\"\" class=\"wp-image-15400 size-full\" srcset=\"https:\/\/cdn.visithoogstraten.be\/20221018144639\/20220921-StadHoogstraten-Webres-MatsPalinckx-37-800x600.jpg 800w, https:\/\/cdn.visithoogstraten.be\/20221018144639\/20220921-StadHoogstraten-Webres-MatsPalinckx-37-300x225.jpg 300w\" sizes=\"(max-width: 800px) 100vw, 800px\" \/><\/figure><div class=\"wp-block-media-text__content\">\n<p class=\"has-large-font-size\">D\u00e9licatesses artisanales<\/p>\n\n\n\n<p>Hoogstraten est synonyme de fortes traditions. La gamme de produits artisanaux est donc en pleine expansion. Les artisans passionn\u00e9s cr\u00e9ent le go\u00fbt parfait. Les parfums puissants r\u00e9v\u00e8lent le go\u00fbt profond et unique de ces produits. L&rsquo;odeur des grains de caf\u00e9 fra\u00eechement torr\u00e9fi\u00e9s, les ar\u00f4mes doux et intenses des jus de fruits acidul\u00e9s, le miel fra\u00eechement tourbillonn\u00e9 ou le parfum \u00e9pic\u00e9 de l&rsquo;huile press\u00e9e traditionnellement ? Ce n&rsquo;est que lorsque l&rsquo;odeur fait fr\u00e9mir vos narines que les producteurs savent qu&rsquo;elle est bonne.<\/p>\n<\/div><\/div>\n\n\n\n<div class=\"wp-block-media-text alignwide has-media-on-the-right is-stacked-on-mobile\"><figure class=\"wp-block-media-text__media\"><img loading=\"lazy\" width=\"560\" height=\"374\" src=\"https:\/\/visithoogstraten.be\/wp-content\/uploads\/2023\/01\/1S4A0057.webp\" alt=\"\" class=\"wp-image-16629 size-full\"\/><\/figure><div class=\"wp-block-media-text__content\">\n<p class=\"has-large-font-size\">C&rsquo;est l&rsquo;heure du toast!<\/p>\n\n\n\n<p>Vous aimez prendre l&rsquo;ap\u00e9ro? Laissez-vous s\u00e9duire par un gin doux ou \u00e9pic\u00e9, un geni\u00e8vre puissant ou une liqueur douce. <\/p>\n\n\n\n<p>Les vins, les gins et les liqueurs de Hoogstraten sont un peu diff\u00e9rents, ils ont cette composante r\u00e9gionale typique et ils vous permettent de commencerle week-end en beaut\u00e9. Ou bien vous pouvez les emporter avec vous comme un beau souvenir.<\/p>\n<\/div><\/div>\n\n\n\n<div class=\"wp-block-media-text alignwide is-stacked-on-mobile\"><figure class=\"wp-block-media-text__media\"><img loading=\"lazy\" width=\"800\" height=\"600\" src=\"https:\/\/cdn.visithoogstraten.be\/20221012114541\/De6vdK-Hoogstraten-HetChocoladehuis-6-2_websize-800x600.jpg\" alt=\"\" class=\"wp-image-15201 size-full\" srcset=\"https:\/\/cdn.visithoogstraten.be\/20221012114541\/De6vdK-Hoogstraten-HetChocoladehuis-6-2_websize-800x600.jpg 800w, https:\/\/cdn.visithoogstraten.be\/20221012114541\/De6vdK-Hoogstraten-HetChocoladehuis-6-2_websize-300x225.jpg 300w\" sizes=\"(max-width: 800px) 100vw, 800px\" \/><\/figure><div class=\"wp-block-media-text__content\">\n<p class=\"has-large-font-size\">L&rsquo;indulgence douce<\/p>\n\n\n\n<p>Hoogstraten aime vous g\u00e2ter. Les pralines au chocolat faites \u00e0 la main, les biscuits maison aux fraises (\u00ab\u00a0Erbizzemkes\u00a0\u00bb) ou la seule et unique tarte aux fraises vous transporteront sur un nuage. Les calories ne sont pas un probl\u00e8me ici, alors profitez du go\u00fbt sucr\u00e9 de Hoogstraten.<\/p>\n<\/div><\/div>\n\n\n\n<div class=\"wp-block-media-text alignwide has-media-on-the-right is-stacked-on-mobile\"><figure class=\"wp-block-media-text__media\"><img loading=\"lazy\" width=\"800\" height=\"600\" src=\"https:\/\/cdn.visithoogstraten.be\/20220307075125\/markt-mand-groen-800x600.jpg\" alt=\"De Markt\" class=\"wp-image-10184 size-full\" srcset=\"https:\/\/cdn.visithoogstraten.be\/20220307075125\/markt-mand-groen-800x600.jpg 800w, https:\/\/cdn.visithoogstraten.be\/20220307075125\/markt-mand-groen-300x225.jpg 300w\" sizes=\"(max-width: 800px) 100vw, 800px\" \/><\/figure><div class=\"wp-block-media-text__content\">\n<p class=\"has-large-font-size\">Frais de la ferme<\/p>\n\n\n\n<p>L&rsquo;agriculture et l&rsquo;horticulture sont dans l&rsquo;ADN des habitants de Hoogstraten. Pouss\u00e9 par l&rsquo;amour du produit, le \u00ab\u00a0fermier\u00a0\u00bb fournit des produits \u00e9quitables et de bon go\u00fbt. Vous go\u00fbterez l&rsquo;amour du produit dans chaque bouch\u00e9e et dans chaque gorg\u00e9e. Honn\u00eate, frais et incroyablement savoureux: ni plus, ni moins.<\/p>\n<\/div><\/div>\n\n\n<div id=\"gallery-block_644623535ed5c\" class=\"gallery\">\n    <h3>De titel&#8230;<\/h3>\n    <p>De tekst&#8230;<\/p>\n\n    <ul>\n                    <li>\n                <img width=\"300\" height=\"225\" src=\"https:\/\/cdn.visithoogstraten.be\/20221018105052\/De6vdK-Hoogstraten-DaVinciIJs-5-2_websize-300x225.jpg\" class=\"attachment-medium size-medium\" alt=\"\" loading=\"lazy\" srcset=\"https:\/\/cdn.visithoogstraten.be\/20221018105052\/De6vdK-Hoogstraten-DaVinciIJs-5-2_websize-300x225.jpg 300w, https:\/\/cdn.visithoogstraten.be\/20221018105052\/De6vdK-Hoogstraten-DaVinciIJs-5-2_websize-800x600.jpg 800w\" sizes=\"(max-width: 300px) 100vw, 300px\" \/>            <\/li>\n                    <li>\n                <img width=\"300\" height=\"225\" src=\"https:\/\/cdn.visithoogstraten.be\/20221012141358\/De6vdK-Hoogstraten-HetMoment-2-3_websize-300x225.jpg\" class=\"attachment-medium size-medium\" alt=\"\" loading=\"lazy\" srcset=\"https:\/\/cdn.visithoogstraten.be\/20221012141358\/De6vdK-Hoogstraten-HetMoment-2-3_websize-300x225.jpg 300w, https:\/\/cdn.visithoogstraten.be\/20221012141358\/De6vdK-Hoogstraten-HetMoment-2-3_websize-800x600.jpg 800w\" sizes=\"(max-width: 300px) 100vw, 300px\" \/>            <\/li>\n                    <li>\n                <img width=\"300\" height=\"225\" src=\"https:\/\/cdn.visithoogstraten.be\/20221012145420\/De6vdK-Hoogstraten-Toast-7_websize-300x225.jpg\" class=\"attachment-medium size-medium\" alt=\"\" loading=\"lazy\" srcset=\"https:\/\/cdn.visithoogstraten.be\/20221012145420\/De6vdK-Hoogstraten-Toast-7_websize-300x225.jpg 300w, https:\/\/cdn.visithoogstraten.be\/20221012145420\/De6vdK-Hoogstraten-Toast-7_websize-800x600.jpg 800w\" sizes=\"(max-width: 300px) 100vw, 300px\" \/>            <\/li>\n                    <li>\n                <img width=\"300\" height=\"225\" src=\"https:\/\/cdn.visithoogstraten.be\/20221012145752\/De6vdK-Hoogstraten-DeJachthoorn-9-2_websize-300x225.jpg\" class=\"attachment-medium size-medium\" alt=\"\" loading=\"lazy\" srcset=\"https:\/\/cdn.visithoogstraten.be\/20221012145752\/De6vdK-Hoogstraten-DeJachthoorn-9-2_websize-300x225.jpg 300w, https:\/\/cdn.visithoogstraten.be\/20221012145752\/De6vdK-Hoogstraten-DeJachthoorn-9-2_websize-800x600.jpg 800w\" sizes=\"(max-width: 300px) 100vw, 300px\" \/>            <\/li>\n                    <li>\n                <img width=\"300\" height=\"225\" src=\"https:\/\/cdn.visithoogstraten.be\/20221012141313\/De6vdK-Hoogstraten-DeWachtzaal-8_websize-300x225.jpg\" class=\"attachment-medium size-medium\" alt=\"\" loading=\"lazy\" srcset=\"https:\/\/cdn.visithoogstraten.be\/20221012141313\/De6vdK-Hoogstraten-DeWachtzaal-8_websize-300x225.jpg 300w, https:\/\/cdn.visithoogstraten.be\/20221012141313\/De6vdK-Hoogstraten-DeWachtzaal-8_websize-800x600.jpg 800w\" sizes=\"(max-width: 300px) 100vw, 300px\" \/>            <\/li>\n                    <li>\n                <img width=\"300\" height=\"225\" src=\"https:\/\/cdn.visithoogstraten.be\/20221012141336\/De6vdK-Hoogstraten-DeRijkswacht-8-2_websize-300x225.jpg\" class=\"attachment-medium size-medium\" alt=\"\" loading=\"lazy\" srcset=\"https:\/\/cdn.visithoogstraten.be\/20221012141336\/De6vdK-Hoogstraten-DeRijkswacht-8-2_websize-300x225.jpg 300w, https:\/\/cdn.visithoogstraten.be\/20221012141336\/De6vdK-Hoogstraten-DeRijkswacht-8-2_websize-800x600.jpg 800w\" sizes=\"(max-width: 300px) 100vw, 300px\" \/>            <\/li>\n                    <li>\n                <img width=\"300\" height=\"225\" src=\"https:\/\/cdn.visithoogstraten.be\/20221012140643\/De6vdK-Hoogstraten-Knechtjeshuis-10_websize-300x225.jpg\" class=\"attachment-medium size-medium\" alt=\"\" loading=\"lazy\" srcset=\"https:\/\/cdn.visithoogstraten.be\/20221012140643\/De6vdK-Hoogstraten-Knechtjeshuis-10_websize-300x225.jpg 300w, https:\/\/cdn.visithoogstraten.be\/20221012140643\/De6vdK-Hoogstraten-Knechtjeshuis-10_websize-800x600.jpg 800w\" sizes=\"(max-width: 300px) 100vw, 300px\" \/>            <\/li>\n                    <li>\n                <img width=\"300\" height=\"225\" src=\"https:\/\/cdn.visithoogstraten.be\/20221012145011\/De6vdK-Hoogstraten-HetMoment-6-2_websize-300x225.jpg\" class=\"attachment-medium size-medium\" alt=\"\" loading=\"lazy\" srcset=\"https:\/\/cdn.visithoogstraten.be\/20221012145011\/De6vdK-Hoogstraten-HetMoment-6-2_websize-300x225.jpg 300w, https:\/\/cdn.visithoogstraten.be\/20221012145011\/De6vdK-Hoogstraten-HetMoment-6-2_websize-800x600.jpg 800w\" sizes=\"(max-width: 300px) 100vw, 300px\" \/>            <\/li>\n                    <li>\n                <img width=\"300\" height=\"225\" src=\"https:\/\/cdn.visithoogstraten.be\/20221012141322\/De6vdK-Hoogstraten-DeHoaghsteTijd-1_websize-300x225.jpg\" class=\"attachment-medium size-medium\" alt=\"\" loading=\"lazy\" srcset=\"https:\/\/cdn.visithoogstraten.be\/20221012141322\/De6vdK-Hoogstraten-DeHoaghsteTijd-1_websize-300x225.jpg 300w, https:\/\/cdn.visithoogstraten.be\/20221012141322\/De6vdK-Hoogstraten-DeHoaghsteTijd-1_websize-800x600.jpg 800w\" sizes=\"(max-width: 300px) 100vw, 300px\" \/>            <\/li>\n            <\/ul>\n<\/div>\n<style type=\"text\/css\">\n    .gallery h3 {\n        margin: 0 !important;\n    }\n\n    .gallery p {\n        margin: 0 !important;\n    }\n\n    .gallery ul {\n        padding: 0 !important;\n        margin: 0 !important;\n        list-style-type: none !important;\n        display: flex;\n        flex-wrap: wrap;\n        gap: 15px;\n    }\n    .gallery ul li {\n        width: calc((100%\/3) - 10px);\n        display: flex;\n\n    }\n    .gallery ul li img{\n        width: 100%;\n    }\n<\/style>","protected":false},"excerpt":{"rendered":"<p>Hoogstraten est connu pour son savoir-faire culinaire. Les&#8230;<\/p>\n","protected":false},"author":1,"featured_media":15342,"parent":0,"menu_order":0,"comment_status":"closed","ping_status":"closed","template":"","meta":[],"acf":[],"yoast_head":"<!-- This site is optimized with the Yoast SEO plugin v17.7.1 - https:\/\/yoast.com\/wordpress\/plugins\/seo\/ -->\n<meta name=\"robots\" content=\"index, follow, max-snippet:-1, max-image-preview:large, max-video-preview:-1\" \/>\n<link rel=\"canonical\" href=\"https:\/\/visithoogstraten.be\/fr\/nourriture-et-boissons\/\" \/>\n<meta property=\"og:locale\" content=\"fr_FR\" \/>\n<meta property=\"og:type\" content=\"article\" \/>\n<meta property=\"og:title\" content=\"Boire et manger | VisitHoogstraten\" \/>\n<meta property=\"og:description\" content=\"Hoogstraten est connu pour son savoir-faire culinaire. Les...\" \/>\n<meta property=\"og:url\" content=\"https:\/\/visithoogstraten.be\/fr\/nourriture-et-boissons\/\" \/>\n<meta property=\"og:site_name\" content=\"VisitHoogstraten\" \/>\n<meta property=\"article:publisher\" content=\"https:\/\/www.facebook.com\/visithoogstraten\" \/>\n<meta property=\"article:modified_time\" content=\"2023-04-24T11:39:32+00:00\" \/>\n<meta property=\"og:image\" content=\"https:\/\/cdn.visithoogstraten.be\/20221017154046\/20220921-StadHoogstraten-Webres-MatsPalinckx-51.jpg\" \/>\n\t<meta property=\"og:image:width\" content=\"1366\" \/>\n\t<meta property=\"og:image:height\" content=\"2048\" \/>\n<meta name=\"twitter:card\" content=\"summary_large_image\" \/>\n<meta name=\"twitter:label1\" content=\"Est. reading time\" \/>\n\t<meta name=\"twitter:data1\" content=\"4 minutes\" \/>\n<script type=\"application\/ld+json\" class=\"yoast-schema-graph\">{\"@context\":\"https:\/\/schema.org\",\"@graph\":[{\"@type\":\"WebSite\",\"@id\":\"https:\/\/visithoogstraten.be\/#website\",\"url\":\"https:\/\/visithoogstraten.be\/\",\"name\":\"VisitHoogstraten\",\"description\":\"Ontdek Hoogstraten\",\"potentialAction\":[{\"@type\":\"SearchAction\",\"target\":{\"@type\":\"EntryPoint\",\"urlTemplate\":\"https:\/\/visithoogstraten.be\/?s={search_term_string}\"},\"query-input\":\"required name=search_term_string\"}],\"inLanguage\":\"fr-FR\"},{\"@type\":\"ImageObject\",\"@id\":\"https:\/\/visithoogstraten.be\/fr\/nourriture-et-boissons\/#primaryimage\",\"inLanguage\":\"fr-FR\",\"url\":\"https:\/\/cdn.visithoogstraten.be\/20221017154046\/20220921-StadHoogstraten-Webres-MatsPalinckx-51.jpg\",\"contentUrl\":\"https:\/\/cdn.visithoogstraten.be\/20221017154046\/20220921-StadHoogstraten-Webres-MatsPalinckx-51.jpg\",\"width\":1366,\"height\":2048,\"caption\":\"Foto: M. Palinckx\"},{\"@type\":\"WebPage\",\"@id\":\"https:\/\/visithoogstraten.be\/fr\/nourriture-et-boissons\/#webpage\",\"url\":\"https:\/\/visithoogstraten.be\/fr\/nourriture-et-boissons\/\",\"name\":\"Boire et manger | VisitHoogstraten\",\"isPartOf\":{\"@id\":\"https:\/\/visithoogstraten.be\/#website\"},\"primaryImageOfPage\":{\"@id\":\"https:\/\/visithoogstraten.be\/fr\/nourriture-et-boissons\/#primaryimage\"},\"datePublished\":\"2023-04-24T11:39:31+00:00\",\"dateModified\":\"2023-04-24T11:39:32+00:00\",\"breadcrumb\":{\"@id\":\"https:\/\/visithoogstraten.be\/fr\/nourriture-et-boissons\/#breadcrumb\"},\"inLanguage\":\"fr-FR\",\"potentialAction\":[{\"@type\":\"ReadAction\",\"target\":[\"https:\/\/visithoogstraten.be\/fr\/nourriture-et-boissons\/\"]}]},{\"@type\":\"BreadcrumbList\",\"@id\":\"https:\/\/visithoogstraten.be\/fr\/nourriture-et-boissons\/#breadcrumb\",\"itemListElement\":[{\"@type\":\"ListItem\",\"position\":1,\"name\":\"Home\",\"item\":\"https:\/\/visithoogstraten.be\/fr\/\"},{\"@type\":\"ListItem\",\"position\":2,\"name\":\"Boire et manger\"}]}]}<\/script>\n<!-- \/ Yoast SEO plugin. -->","yoast_head_json":{"robots":{"index":"index","follow":"follow","max-snippet":"max-snippet:-1","max-image-preview":"max-image-preview:large","max-video-preview":"max-video-preview:-1"},"canonical":"https:\/\/visithoogstraten.be\/fr\/nourriture-et-boissons\/","og_locale":"fr_FR","og_type":"article","og_title":"Boire et manger | VisitHoogstraten","og_description":"Hoogstraten est connu pour son savoir-faire culinaire. Les...","og_url":"https:\/\/visithoogstraten.be\/fr\/nourriture-et-boissons\/","og_site_name":"VisitHoogstraten","article_publisher":"https:\/\/www.facebook.com\/visithoogstraten","article_modified_time":"2023-04-24T11:39:32+00:00","og_image":[{"width":1366,"height":2048,"url":"https:\/\/cdn.visithoogstraten.be\/20221017154046\/20220921-StadHoogstraten-Webres-MatsPalinckx-51.jpg","type":"image\/jpeg"}],"twitter_card":"summary_large_image","twitter_misc":{"Est. reading time":"4 minutes"},"schema":{"@context":"https:\/\/schema.org","@graph":[{"@type":"WebSite","@id":"https:\/\/visithoogstraten.be\/#website","url":"https:\/\/visithoogstraten.be\/","name":"VisitHoogstraten","description":"Ontdek Hoogstraten","potentialAction":[{"@type":"SearchAction","target":{"@type":"EntryPoint","urlTemplate":"https:\/\/visithoogstraten.be\/?s={search_term_string}"},"query-input":"required name=search_term_string"}],"inLanguage":"fr-FR"},{"@type":"ImageObject","@id":"https:\/\/visithoogstraten.be\/fr\/nourriture-et-boissons\/#primaryimage","inLanguage":"fr-FR","url":"https:\/\/cdn.visithoogstraten.be\/20221017154046\/20220921-StadHoogstraten-Webres-MatsPalinckx-51.jpg","contentUrl":"https:\/\/cdn.visithoogstraten.be\/20221017154046\/20220921-StadHoogstraten-Webres-MatsPalinckx-51.jpg","width":1366,"height":2048,"caption":"Foto: M. Palinckx"},{"@type":"WebPage","@id":"https:\/\/visithoogstraten.be\/fr\/nourriture-et-boissons\/#webpage","url":"https:\/\/visithoogstraten.be\/fr\/nourriture-et-boissons\/","name":"Boire et manger | VisitHoogstraten","isPartOf":{"@id":"https:\/\/visithoogstraten.be\/#website"},"primaryImageOfPage":{"@id":"https:\/\/visithoogstraten.be\/fr\/nourriture-et-boissons\/#primaryimage"},"datePublished":"2023-04-24T11:39:31+00:00","dateModified":"2023-04-24T11:39:32+00:00","breadcrumb":{"@id":"https:\/\/visithoogstraten.be\/fr\/nourriture-et-boissons\/#breadcrumb"},"inLanguage":"fr-FR","potentialAction":[{"@type":"ReadAction","target":["https:\/\/visithoogstraten.be\/fr\/nourriture-et-boissons\/"]}]},{"@type":"BreadcrumbList","@id":"https:\/\/visithoogstraten.be\/fr\/nourriture-et-boissons\/#breadcrumb","itemListElement":[{"@type":"ListItem","position":1,"name":"Home","item":"https:\/\/visithoogstraten.be\/fr\/"},{"@type":"ListItem","position":2,"name":"Boire et manger"}]}]}},"_links":{"self":[{"href":"https:\/\/visithoogstraten.be\/fr\/wp-json\/wp\/v2\/pages\/16938"}],"collection":[{"href":"https:\/\/visithoogstraten.be\/fr\/wp-json\/wp\/v2\/pages"}],"about":[{"href":"https:\/\/visithoogstraten.be\/fr\/wp-json\/wp\/v2\/types\/page"}],"author":[{"embeddable":true,"href":"https:\/\/visithoogstraten.be\/fr\/wp-json\/wp\/v2\/users\/1"}],"replies":[{"embeddable":true,"href":"https:\/\/visithoogstraten.be\/fr\/wp-json\/wp\/v2\/comments?post=16938"}],"version-history":[{"count":30,"href":"https:\/\/visithoogstraten.be\/fr\/wp-json\/wp\/v2\/pages\/16938\/revisions"}],"predecessor-version":[{"id":19204,"href":"https:\/\/visithoogstraten.be\/fr\/wp-json\/wp\/v2\/pages\/16938\/revisions\/19204"}],"wp:featuredmedia":[{"embeddable":true,"href":"https:\/\/visithoogstraten.be\/fr\/wp-json\/wp\/v2\/media\/15342"}],"wp:attachment":[{"href":"https:\/\/visithoogstraten.be\/fr\/wp-json\/wp\/v2\/media?parent=16938"}],"curies":[{"name":"wp","href":"https:\/\/api.w.org\/{rel}","templated":true}]}}