{"id":16936,"date":"2023-04-24T13:39:48","date_gmt":"2023-04-24T11:39:48","guid":{"rendered":"https:\/\/visithoogstraten.be\/?page_id=16936"},"modified":"2023-04-24T13:39:49","modified_gmt":"2023-04-24T11:39:49","slug":"culturel-et-patrimoine","status":"publish","type":"page","link":"https:\/\/visithoogstraten.be\/fr\/culturel-et-patrimoine\/","title":{"rendered":"Culture et h\u00e9ritage"},"content":{"rendered":"\n<p>La ville de Hoogstraten poss\u00e8de une riche histoire, qui se refl\u00e8te dans des monuments et des paysages vieux. Avec deux sites class\u00e9s au patrimoine mondial de l&rsquo;UNESCO, il y a beaucoup de patrimoine de grande qualit\u00e9 \u00e0 d\u00e9couvrir \u00e0 Hoogstraten.<\/p>\n\n\n\n<div class=\"wp-block-media-text alignwide is-stacked-on-mobile\"><figure class=\"wp-block-media-text__media\"><img loading=\"lazy\" width=\"800\" height=\"600\" src=\"https:\/\/cdn.visithoogstraten.be\/20220214103652\/2021-Hoogstraten-Bezienswaardigheden-000_websize-800x600.jpg\" alt=\"Toren Sint-Katharinakerk\" class=\"wp-image-9720 size-full\" srcset=\"https:\/\/cdn.visithoogstraten.be\/20220214103652\/2021-Hoogstraten-Bezienswaardigheden-000_websize-800x600.jpg 800w, https:\/\/cdn.visithoogstraten.be\/20220214103652\/2021-Hoogstraten-Bezienswaardigheden-000_websize-300x225.jpg 300w\" sizes=\"(max-width: 800px) 100vw, 800px\" \/><\/figure><div class=\"wp-block-media-text__content\">\n<p class=\"has-large-font-size\"><strong>\u00c9glise Sainte-Catherine<\/strong><\/p>\n\n\n\n<p><a href=\"http:\/\/www.sintkatharinakerk.be\">L&rsquo;\u00e9glise Sainte-Catherine<\/a> (Sint-Katharina) est de loin le b\u00e2timent historique le plus impressionnant de Hoogstraten. Elle refl\u00e8te \u00e9galement l&rsquo;histoire de la ville. En vous promenant dans l&rsquo;\u00e9glise, vous vous retrouverez devant les seigneurs, comtes et ducs de Hoogstraten, qui sont repr\u00e9sent\u00e9s dans ses magnifiques vitraux et sur son patrimoine fun\u00e9raire unique.<\/p>\n\n\n\n<p>Aujourd&rsquo;hui, l&rsquo;\u00e9glise Sainte-Catherine continue de dominer Hoogstraten et ses environs. L&rsquo;\u00e9glise elle-m\u00eame est toujours consid\u00e9r\u00e9e comme une merveilleuse prouesse architecturale. Avec sa tour de 104,7 m\u00e8tres de haut et sa nef de 80 m\u00e8tres de long, l&rsquo;\u00e9glise est souvent appel\u00e9e le \u00ab\u00a0triomphe de la brique\u00a0\u00bb, car c&rsquo;est l&rsquo;un des plus hauts b\u00e2timents en brique d&rsquo;Europe.<\/p>\n<\/div><\/div>\n\n\n\n<p>L&rsquo;\u00e9glise Sainte-Catherine fut \u00e9pargn\u00e9e lors des troubles religieux du XVIe si\u00e8cle, mais le 23 octobre 1944, la fl\u00e8che fut dynamit\u00e9e par les troupes allemandes lors de leur retraite, peu avant la lib\u00e9ration. Sous l&rsquo;impulsion du diacre Lauwerys, l&rsquo;\u00e9glise et la fl\u00e8che ont \u00e9t\u00e9 soigneusement restaur\u00e9es dans les ann\u00e9es 1950.<\/p>\n\n\n\n<p>L&rsquo;int\u00e9rieur de Sainte-Catherine comprend un certain nombre d&rsquo;objets d&rsquo;art pr\u00e9cieux, notamment des vitraux, des bancs de ch\u0153ur, des tapisseries et des pierres tombales monumentales. Les petits bancs de ch\u0153ur, cr\u00e9\u00e9s pour l&rsquo;ancienne \u00e9glise, sont de style braban\u00e7on et ont probablement \u00e9t\u00e9 sculpt\u00e9s au XVe si\u00e8cle. Les grands bancs de ch\u0153ur, de style gothique tardif, ont \u00e9t\u00e9 fabriqu\u00e9s par Albrecht Gelmers entre 1532 et 1548. Outre les ap\u00f4tres et les saints, le ch\u0153ur repr\u00e9sente \u00e9galement des dictons populaires moralisateurs et des sc\u00e8nes de l&rsquo;antiquit\u00e9 pa\u00efenne.<\/p>\n\n\n\n<p>Au-dessus du ma\u00eetre-autel, vous remarquerez sept vitraux saisissants (de 14 m\u00e8tres de haut chacun), qui repr\u00e9sentent les sept sacrements. Ils ont \u00e9t\u00e9 r\u00e9alis\u00e9s par Anton Evertz, un peintre verrier de Culemborg du XVIe si\u00e8cle. Le vitrail de la nef nord (1535), repr\u00e9sentant la C\u00e8ne, est attribu\u00e9 \u00e0 Pieter Coecke van Aelst. Les six fen\u00eatres au-dessus du ch\u0153ur ont \u00e9t\u00e9 cr\u00e9\u00e9es par Claes Matthijs, originaire de Hoogstraten.<\/p>\n\n\n\n<div class=\"wp-block-media-text alignwide has-media-on-the-right is-stacked-on-mobile\"><figure class=\"wp-block-media-text__media\"><img loading=\"lazy\" width=\"800\" height=\"600\" src=\"https:\/\/cdn.visithoogstraten.be\/20220517142951\/2021-Hoogstraten-Bezienswaardigheden-025_websize-800x600.jpg\" alt=\"\" class=\"wp-image-12476 size-full\" srcset=\"https:\/\/cdn.visithoogstraten.be\/20220517142951\/2021-Hoogstraten-Bezienswaardigheden-025_websize-800x600.jpg 800w, https:\/\/cdn.visithoogstraten.be\/20220517142951\/2021-Hoogstraten-Bezienswaardigheden-025_websize-300x225.jpg 300w\" sizes=\"(max-width: 800px) 100vw, 800px\" \/><\/figure><div class=\"wp-block-media-text__content\">\n<p class=\"has-large-font-size\"><strong>B\u00e9guinage<\/strong><\/p>\n\n\n\n<p><strong>Site du patrimoine mondial de l&rsquo;UNESCO<\/strong><\/p>\n\n\n\n<p>L&rsquo;origine du b\u00e9guinage de Hoogstraten remonte probablement aux environs de 1380. Au XVIe si\u00e8cle, le b\u00e9guinage a \u00e9t\u00e9 frapp\u00e9 par plusieurs incendies. Pendant tout ce temps, le b\u00e9guinage se limite \u00e0 quelques maisons, entour\u00e9es d&rsquo;un mur de pierre en 1534. En 1553, il y avait quatorze petites chaumi\u00e8res.<\/p>\n\n\n\n<p>Un demi-si\u00e8cle plus tard, il ne restait plus que deux b\u00e9guines. L&rsquo;\u00e2ge d&rsquo;or du b\u00e9guinage s&rsquo;\u00e9tend sur la derni\u00e8re moiti\u00e9 du XVIIe si\u00e8cle. Le nombre de b\u00e9guines atteint alors 160, ce qui n\u00e9cessite la construction de nouveaux logements. On entreprend \u00e9galement la construction d&rsquo;une nouvelle \u00e9glise. \u00c0 partir de la seconde moiti\u00e9 du XVIIIe si\u00e8cle, le nombre de b\u00e9guines diminue progressivement jusqu&rsquo;\u00e0 ce que la derni\u00e8re b\u00e9guine ferme la porte de sa chaumi\u00e8re et quitte le b\u00e9guinage en 1972.<\/p>\n<\/div><\/div>\n\n\n\n<p>Un projet de restauration unique a sauv\u00e9 le B\u00e9guinage de sa disparition depuis 1999. Actuellement, les maisons sont \u00e0 nouveau occup\u00e9es.<\/p>\n\n\n\n<div class=\"wp-block-media-text alignwide is-stacked-on-mobile\"><figure class=\"wp-block-media-text__media\"><img loading=\"lazy\" width=\"800\" height=\"600\" src=\"https:\/\/cdn.visithoogstraten.be\/20210803110650\/StedelijkMuseum-800x600.jpg\" alt=\"Stedelijk Museum Hoogstraten\" class=\"wp-image-3730 size-full\" srcset=\"https:\/\/cdn.visithoogstraten.be\/20210803110650\/StedelijkMuseum-800x600.jpg 800w, https:\/\/cdn.visithoogstraten.be\/20210803110650\/StedelijkMuseum-300x225.jpg 300w\" sizes=\"(max-width: 800px) 100vw, 800px\" \/><\/figure><div class=\"wp-block-media-text__content\">\n<p class=\"has-large-font-size\"><strong>Mus\u00e9e municipal de Hoogstraten<\/strong><\/p>\n\n\n\n<p>Le mus\u00e9e municipal de Hoogstraten se trouve dans les maisons 9 \u00e0 11 du B\u00e9guinage.<\/p>\n\n\n\n<p>Ce mus\u00e9e met en valeur le magnifique patrimoine des \u00e2ges historiques de Hoogstraten. Un site arch\u00e9ologique pr\u00e9historique vous permet d&rsquo;en savoir plus sur les premiers habitants, tandis que les b\u00e9guines vous font d\u00e9couvrir le pass\u00e9 m\u00e9di\u00e9val de la ville.<\/p>\n\n\n\n<p>En outre, le mus\u00e9e organise chaque ann\u00e9e plusieurs expositions temporaires.<\/p>\n<\/div><\/div>\n\n\n\n<div class=\"wp-block-media-text alignwide has-media-on-the-right is-stacked-on-mobile\"><figure class=\"wp-block-media-text__media\"><img loading=\"lazy\" width=\"800\" height=\"600\" src=\"https:\/\/cdn.visithoogstraten.be\/20210629141147\/2021-Hoogstraten-Bezienswaardigheden-013-800x600.jpg\" alt=\"\" class=\"wp-image-2515 size-full\" srcset=\"https:\/\/cdn.visithoogstraten.be\/20210629141147\/2021-Hoogstraten-Bezienswaardigheden-013-800x600.jpg 800w, https:\/\/cdn.visithoogstraten.be\/20210629141147\/2021-Hoogstraten-Bezienswaardigheden-013-300x225.jpg 300w\" sizes=\"(max-width: 800px) 100vw, 800px\" \/><\/figure><div class=\"wp-block-media-text__content\">\n<p class=\"has-large-font-size\"><strong>Moulin historique \u2018Laermolen\u2019<\/strong><\/p>\n\n\n\n<p>Ce moulin magnifiquement restaur\u00e9 est situ\u00e9 le long du pont qui traverse la rivi\u00e8re Mark, dans la Molenstraat. Il y a toujours eu un moulin \u00e0 cet endroit, m\u00eame en 1381, connu sous le nom de \u00ab\u00a0Laermolen\u00a0\u00bb. La Laer \u00e9tait une \u00e9tendue de prairie mar\u00e9cageuse.<\/p>\n\n\n\n<p>A l&rsquo;origine, le moulin ne servait qu&rsquo;\u00e0 moudre le ma\u00efs, mais par la suite, on parle d&rsquo;un moulin \u00e0 huile pour broyer les graines ol\u00e9agineuses. Au fil des ans, le moulin a \u00e9t\u00e9 d\u00e9vast\u00e9 et reconstruit \u00e0 plusieurs reprises.<\/p>\n\n\n\n<p>Entre 2000 et 2004, un certain nombre d&rsquo;habitants enthousiastes de la ville ont redonn\u00e9 \u00e0 ce moulin sa gloire d&rsquo;antan. M\u00eame la roue \u00e0 eau tourne \u00e0 nouveau.<\/p>\n<\/div><\/div>\n\n\n\n<div class=\"wp-block-media-text alignwide is-stacked-on-mobile\"><figure class=\"wp-block-media-text__media\"><img loading=\"lazy\" width=\"800\" height=\"600\" src=\"https:\/\/cdn.visithoogstraten.be\/20210803110006\/Luchtfoto-kolonie-Ludo-Verhoeven-800x600.jpg\" alt=\"Wortel-Kolonie luchtfoto\" class=\"wp-image-3721 size-full\" srcset=\"https:\/\/cdn.visithoogstraten.be\/20210803110006\/Luchtfoto-kolonie-Ludo-Verhoeven-800x600.jpg 800w, https:\/\/cdn.visithoogstraten.be\/20210803110006\/Luchtfoto-kolonie-Ludo-Verhoeven-300x225.jpg 300w\" sizes=\"(max-width: 800px) 100vw, 800px\" \/><\/figure><div class=\"wp-block-media-text__content\">\n<p class=\"has-large-font-size\"><strong>La colonie de Wortel: colonie de la bienveillance<\/strong><\/p>\n\n\n\n<p>La colonie de Wortel (Wortel-Kolonie) fait partie de l&rsquo;histoire unique d&rsquo;une exp\u00e9rience sociale \u00e0 grande \u00e9chelle aux Pays-Bas et en Belgique. D\u00e9couvrez ces paysages uniques qui racontent une histoire puissante.<\/p>\n\n\n\n<p>En 1822, un g\u00e9n\u00e9ral n\u00e9erlandais a achet\u00e9 environ 532 hectares de terres \u00e0 Wortel. Il a d\u00e9velopp\u00e9 les terres, y a \u00e9tabli la colonie libre de Wortel et a construit de petites fermes pour accueillir un grand nombre de familles pauvres. Le projet n&rsquo;a pas \u00e9t\u00e9 un succ\u00e8s et a \u00e9t\u00e9 abandonn\u00e9 apr\u00e8s l&rsquo;ind\u00e9pendance de la Belgique.<\/p>\n<\/div><\/div>\n\n\n\n<p>D\u00e8s lors, la colonie de Wortel est devenue un refuge pour les vagabonds et les sans-abri. Apr\u00e8s l&rsquo;abolition de la loi sur le vagabondage en 1993, les b\u00e2timents centraux ont \u00e9t\u00e9 r\u00e9am\u00e9nag\u00e9s en prison. Les autres b\u00e2timents et le terrain ont re\u00e7u une nouvelle affectation. <\/p>\n\n\n\n<p>Le domaine, un paysage compartiment\u00e9 unique avec des for\u00eats, des p\u00e2turages et des ruelles monumentales, est prot\u00e9g\u00e9 en tant que paysage culturel-historique depuis 1999 et figure sur la liste du patrimoine mondial de l&rsquo;UNESCO depuis 2021. Aujourd&rsquo;hui, c&rsquo;est g\u00e9n\u00e9ralement un endroit de toute beaut\u00e9 pour les promenades et les randonn\u00e9es \u00e0 v\u00e9lo.<\/p>\n\n\n\n<div class=\"wp-block-buttons\">\n<div class=\"wp-block-button\"><a class=\"wp-block-button__link\" href=\"https:\/\/www.kolonienvanweldadigheid.eu\/fr\" target=\"_blank\" rel=\"noreferrer noopener\">En savoir plus sur les colonies de bienfaisance<\/a><\/div>\n<\/div>\n\n\n\n<div class=\"wp-block-media-text alignwide has-media-on-the-right is-stacked-on-mobile\"><figure class=\"wp-block-media-text__media\"><img loading=\"lazy\" width=\"800\" height=\"600\" src=\"https:\/\/cdn.visithoogstraten.be\/20210810151411\/2021-08-05-Hoogstraten-Meerseldreef-016_websize-800x600.jpg\" alt=\"\" class=\"wp-image-4115 size-full\" srcset=\"https:\/\/cdn.visithoogstraten.be\/20210810151411\/2021-08-05-Hoogstraten-Meerseldreef-016_websize-800x600.jpg 800w, https:\/\/cdn.visithoogstraten.be\/20210810151411\/2021-08-05-Hoogstraten-Meerseldreef-016_websize-300x225.jpg 300w\" sizes=\"(max-width: 800px) 100vw, 800px\" \/><\/figure><div class=\"wp-block-media-text__content\">\n<p class=\"has-large-font-size\">Meersel-Dreef<\/p>\n\n\n\n<p>Visitez Meersel-Dreef, le vilage avec le point le plus septentrional de la Belgique. En 1637, les Capucins ont construit un simple \u00e9tablissement sur les rives de la rivi\u00e8re Mark, o\u00f9 ils ont ensuite fond\u00e9 un couvent de Capucins en 1690. Hoogstraten n&rsquo;\u00e9tait situ\u00e9 qu&rsquo;\u00e0 10 kilom\u00e8tres de Breda, o\u00f9 les capucins s&rsquo;\u00e9taient retir\u00e9s apr\u00e8s avoir \u00e9t\u00e9 chass\u00e9s par les calvinistes lors des troubles religieux (1618-1648). Les catholiques n\u00e9erlandais, qui souhaitaient pratiquer leur religion, les ont suivis.<\/p>\n\n\n\n<p>La grotte de Lourdes, situ\u00e9e dans le parc Maria, attire toujours les p\u00e8lerins apr\u00e8s toutes ces ann\u00e9es. Padre Pio, le moine capucin le plus c\u00e9l\u00e8bre, est \u00e9galement comm\u00e9mor\u00e9 ici par une belle statue.<\/p>\n<\/div><\/div>\n\n\n\n<p>Dans la chapelle gothique (1420) d\u00e9di\u00e9e \u00e0 Sainte Lucie, les gens ont traditionnellement pri\u00e9 pour obtenir des rem\u00e8des contre les maladies des yeux. En effet, son nom Lucia est d\u00e9riv\u00e9 du mot romain lux, qui signifie lumi\u00e8re. Meersel-Dreef est \u00e9galement un excellent endroit pour prendre un verre sur une terrasse lorsque le temps le permet.<\/p>\n\n\n\n<div class=\"wp-block-media-text alignwide is-stacked-on-mobile\"><figure class=\"wp-block-media-text__media\"><img loading=\"lazy\" width=\"800\" height=\"600\" src=\"https:\/\/cdn.visithoogstraten.be\/20220627102248\/20220530_090450-800x600.jpg\" alt=\"\" class=\"wp-image-13361 size-full\" srcset=\"https:\/\/cdn.visithoogstraten.be\/20220627102248\/20220530_090450-800x600.jpg 800w, https:\/\/cdn.visithoogstraten.be\/20220627102248\/20220530_090450-300x225.jpg 300w\" sizes=\"(max-width: 800px) 100vw, 800px\" \/><\/figure><div class=\"wp-block-media-text__content\">\n<p class=\"has-large-font-size\">Street Art<\/p>\n\n\n\n<p>Alors que le street art \u00e9tait autrefois li\u00e9 au mouvement souvent ill\u00e9gal des graffitis, il est aujourd&rsquo;hui devenu l&rsquo;une des formes d&rsquo;art les plus populaires.<\/p>\n\n\n\n<p>Hoogstraten compte un grand nombre d&rsquo;artistes de street art qui s&rsquo;y adonnent s\u00e9rieusement. De grands noms comme Cee Pil, Pol Cosmo, Letterknecht et Jellyfish ont cach\u00e9 leur signature dans le paysage de la rue. Toutes les \u0153uvres d&rsquo;art sont r\u00e9unies dans un parcours de street art \u00e0 travers le centre de Hoogstraten. Au cours de cette promenade, vous croiserez des insectes, des clochards et une ode impressionnante aux soins de sant\u00e9.<\/p>\n<\/div><\/div>\n","protected":false},"excerpt":{"rendered":"<p>La ville de Hoogstraten poss\u00e8de une riche histoire,&#8230;<\/p>\n","protected":false},"author":1,"featured_media":11067,"parent":0,"menu_order":0,"comment_status":"closed","ping_status":"closed","template":"","meta":[],"acf":[],"yoast_head":"<!-- This site is optimized with the Yoast SEO plugin v17.7.1 - https:\/\/yoast.com\/wordpress\/plugins\/seo\/ -->\n<meta name=\"robots\" content=\"index, follow, max-snippet:-1, max-image-preview:large, max-video-preview:-1\" \/>\n<link rel=\"canonical\" href=\"https:\/\/visithoogstraten.be\/fr\/culturel-et-patrimoine\/\" \/>\n<meta property=\"og:locale\" content=\"fr_FR\" \/>\n<meta property=\"og:type\" content=\"article\" \/>\n<meta property=\"og:title\" content=\"Culture et h\u00e9ritage | VisitHoogstraten\" \/>\n<meta property=\"og:description\" content=\"La ville de Hoogstraten poss\u00e8de une riche histoire,...\" \/>\n<meta property=\"og:url\" content=\"https:\/\/visithoogstraten.be\/fr\/culturel-et-patrimoine\/\" \/>\n<meta property=\"og:site_name\" content=\"VisitHoogstraten\" \/>\n<meta property=\"article:publisher\" content=\"https:\/\/www.facebook.com\/visithoogstraten\" \/>\n<meta property=\"article:modified_time\" content=\"2023-04-24T11:39:49+00:00\" \/>\n<meta property=\"og:image\" content=\"https:\/\/cdn.visithoogstraten.be\/20220414143816\/Kerk-scaled-e1649940076169.jpg\" \/>\n\t<meta property=\"og:image:width\" content=\"2560\" \/>\n\t<meta property=\"og:image:height\" content=\"1707\" \/>\n<meta name=\"twitter:card\" content=\"summary_large_image\" \/>\n<meta name=\"twitter:label1\" content=\"Est. reading time\" \/>\n\t<meta name=\"twitter:data1\" content=\"7 minutes\" \/>\n<script type=\"application\/ld+json\" class=\"yoast-schema-graph\">{\"@context\":\"https:\/\/schema.org\",\"@graph\":[{\"@type\":\"WebSite\",\"@id\":\"https:\/\/visithoogstraten.be\/#website\",\"url\":\"https:\/\/visithoogstraten.be\/\",\"name\":\"VisitHoogstraten\",\"description\":\"Ontdek Hoogstraten\",\"potentialAction\":[{\"@type\":\"SearchAction\",\"target\":{\"@type\":\"EntryPoint\",\"urlTemplate\":\"https:\/\/visithoogstraten.be\/?s={search_term_string}\"},\"query-input\":\"required name=search_term_string\"}],\"inLanguage\":\"fr-FR\"},{\"@type\":\"ImageObject\",\"@id\":\"https:\/\/visithoogstraten.be\/fr\/culturel-et-patrimoine\/#primaryimage\",\"inLanguage\":\"fr-FR\",\"url\":\"https:\/\/cdn.visithoogstraten.be\/20220414143816\/Kerk-scaled-e1649940076169.jpg\",\"contentUrl\":\"https:\/\/cdn.visithoogstraten.be\/20220414143816\/Kerk-scaled-e1649940076169.jpg\",\"width\":2560,\"height\":1707,\"caption\":\"Foto: Y. Mc\"},{\"@type\":\"WebPage\",\"@id\":\"https:\/\/visithoogstraten.be\/fr\/culturel-et-patrimoine\/#webpage\",\"url\":\"https:\/\/visithoogstraten.be\/fr\/culturel-et-patrimoine\/\",\"name\":\"Culture et h\\u00e9ritage | VisitHoogstraten\",\"isPartOf\":{\"@id\":\"https:\/\/visithoogstraten.be\/#website\"},\"primaryImageOfPage\":{\"@id\":\"https:\/\/visithoogstraten.be\/fr\/culturel-et-patrimoine\/#primaryimage\"},\"datePublished\":\"2023-04-24T11:39:48+00:00\",\"dateModified\":\"2023-04-24T11:39:49+00:00\",\"breadcrumb\":{\"@id\":\"https:\/\/visithoogstraten.be\/fr\/culturel-et-patrimoine\/#breadcrumb\"},\"inLanguage\":\"fr-FR\",\"potentialAction\":[{\"@type\":\"ReadAction\",\"target\":[\"https:\/\/visithoogstraten.be\/fr\/culturel-et-patrimoine\/\"]}]},{\"@type\":\"BreadcrumbList\",\"@id\":\"https:\/\/visithoogstraten.be\/fr\/culturel-et-patrimoine\/#breadcrumb\",\"itemListElement\":[{\"@type\":\"ListItem\",\"position\":1,\"name\":\"Home\",\"item\":\"https:\/\/visithoogstraten.be\/fr\/\"},{\"@type\":\"ListItem\",\"position\":2,\"name\":\"Culture et h\\u00e9ritage\"}]}]}<\/script>\n<!-- \/ Yoast SEO plugin. -->","yoast_head_json":{"robots":{"index":"index","follow":"follow","max-snippet":"max-snippet:-1","max-image-preview":"max-image-preview:large","max-video-preview":"max-video-preview:-1"},"canonical":"https:\/\/visithoogstraten.be\/fr\/culturel-et-patrimoine\/","og_locale":"fr_FR","og_type":"article","og_title":"Culture et h\u00e9ritage | VisitHoogstraten","og_description":"La ville de Hoogstraten poss\u00e8de une riche histoire,...","og_url":"https:\/\/visithoogstraten.be\/fr\/culturel-et-patrimoine\/","og_site_name":"VisitHoogstraten","article_publisher":"https:\/\/www.facebook.com\/visithoogstraten","article_modified_time":"2023-04-24T11:39:49+00:00","og_image":[{"width":2560,"height":1707,"url":"https:\/\/cdn.visithoogstraten.be\/20220414143816\/Kerk-scaled-e1649940076169.jpg","type":"image\/jpeg"}],"twitter_card":"summary_large_image","twitter_misc":{"Est. reading time":"7 minutes"},"schema":{"@context":"https:\/\/schema.org","@graph":[{"@type":"WebSite","@id":"https:\/\/visithoogstraten.be\/#website","url":"https:\/\/visithoogstraten.be\/","name":"VisitHoogstraten","description":"Ontdek Hoogstraten","potentialAction":[{"@type":"SearchAction","target":{"@type":"EntryPoint","urlTemplate":"https:\/\/visithoogstraten.be\/?s={search_term_string}"},"query-input":"required name=search_term_string"}],"inLanguage":"fr-FR"},{"@type":"ImageObject","@id":"https:\/\/visithoogstraten.be\/fr\/culturel-et-patrimoine\/#primaryimage","inLanguage":"fr-FR","url":"https:\/\/cdn.visithoogstraten.be\/20220414143816\/Kerk-scaled-e1649940076169.jpg","contentUrl":"https:\/\/cdn.visithoogstraten.be\/20220414143816\/Kerk-scaled-e1649940076169.jpg","width":2560,"height":1707,"caption":"Foto: Y. Mc"},{"@type":"WebPage","@id":"https:\/\/visithoogstraten.be\/fr\/culturel-et-patrimoine\/#webpage","url":"https:\/\/visithoogstraten.be\/fr\/culturel-et-patrimoine\/","name":"Culture et h\u00e9ritage | VisitHoogstraten","isPartOf":{"@id":"https:\/\/visithoogstraten.be\/#website"},"primaryImageOfPage":{"@id":"https:\/\/visithoogstraten.be\/fr\/culturel-et-patrimoine\/#primaryimage"},"datePublished":"2023-04-24T11:39:48+00:00","dateModified":"2023-04-24T11:39:49+00:00","breadcrumb":{"@id":"https:\/\/visithoogstraten.be\/fr\/culturel-et-patrimoine\/#breadcrumb"},"inLanguage":"fr-FR","potentialAction":[{"@type":"ReadAction","target":["https:\/\/visithoogstraten.be\/fr\/culturel-et-patrimoine\/"]}]},{"@type":"BreadcrumbList","@id":"https:\/\/visithoogstraten.be\/fr\/culturel-et-patrimoine\/#breadcrumb","itemListElement":[{"@type":"ListItem","position":1,"name":"Home","item":"https:\/\/visithoogstraten.be\/fr\/"},{"@type":"ListItem","position":2,"name":"Culture et h\u00e9ritage"}]}]}},"_links":{"self":[{"href":"https:\/\/visithoogstraten.be\/fr\/wp-json\/wp\/v2\/pages\/16936"}],"collection":[{"href":"https:\/\/visithoogstraten.be\/fr\/wp-json\/wp\/v2\/pages"}],"about":[{"href":"https:\/\/visithoogstraten.be\/fr\/wp-json\/wp\/v2\/types\/page"}],"author":[{"embeddable":true,"href":"https:\/\/visithoogstraten.be\/fr\/wp-json\/wp\/v2\/users\/1"}],"replies":[{"embeddable":true,"href":"https:\/\/visithoogstraten.be\/fr\/wp-json\/wp\/v2\/comments?post=16936"}],"version-history":[{"count":21,"href":"https:\/\/visithoogstraten.be\/fr\/wp-json\/wp\/v2\/pages\/16936\/revisions"}],"predecessor-version":[{"id":18909,"href":"https:\/\/visithoogstraten.be\/fr\/wp-json\/wp\/v2\/pages\/16936\/revisions\/18909"}],"wp:featuredmedia":[{"embeddable":true,"href":"https:\/\/visithoogstraten.be\/fr\/wp-json\/wp\/v2\/media\/11067"}],"wp:attachment":[{"href":"https:\/\/visithoogstraten.be\/fr\/wp-json\/wp\/v2\/media?parent=16936"}],"curies":[{"name":"wp","href":"https:\/\/api.w.org\/{rel}","templated":true}]}}