{"id":16934,"date":"2023-04-24T13:39:08","date_gmt":"2023-04-24T11:39:08","guid":{"rendered":"https:\/\/visithoogstraten.be\/?page_id=16934"},"modified":"2023-04-24T14:40:19","modified_gmt":"2023-04-24T12:40:19","slug":"aventure","status":"publish","type":"page","link":"https:\/\/visithoogstraten.be\/fr\/aventure\/","title":{"rendered":"L&rsquo;aventure"},"content":{"rendered":"\n<p>Vous recherchez l&rsquo;aventure ? Vous aimez sortir et \u00eatre actif ou sportif ? Veuillez-vous donner vos enfants une journ\u00e9e inoubliable ? Hoogstraten est l&rsquo;endroit id\u00e9al!<\/p>\n\n\n\n<div class=\"wp-block-media-text alignwide is-stacked-on-mobile\"><figure class=\"wp-block-media-text__media\"><img loading=\"lazy\" width=\"800\" height=\"600\" src=\"https:\/\/cdn.visithoogstraten.be\/20210723154431\/2021-06-12-Hoogstraten-De-Mosten-091_websize-800x600.jpg\" alt=\"\" class=\"wp-image-3353 size-full\" srcset=\"https:\/\/cdn.visithoogstraten.be\/20210723154431\/2021-06-12-Hoogstraten-De-Mosten-091_websize-800x600.jpg 800w, https:\/\/cdn.visithoogstraten.be\/20210723154431\/2021-06-12-Hoogstraten-De-Mosten-091_websize-300x225.jpg 300w\" sizes=\"(max-width: 800px) 100vw, 800px\" \/><\/figure><div class=\"wp-block-media-text__content\">\n<p class=\"has-large-font-size\">De Mosten: parc de r\u00e9cr\u00e9ation<\/p>\n\n\n\n<p>De Mosten est un paradis pour les enfants et en m\u00eame temps un havre de paix et de tranquillit\u00e9. Attendez-vous \u00e0 plus qu&rsquo;une belle zone de baignade. De Mosten vous offrira beaucoup. A De Mosten, vous pouvez apprendre \u00e0 faire du wakeboard, grimper dans les arbres ou profiter d&rsquo;une belle randonn\u00e9e \u00e0 v\u00e9lo, \u00e0 pied ou \u00e0 cheval. \u00c0 c\u00f4t\u00e9 de l&rsquo;\u00e9tang de p\u00eache et de l&rsquo;\u00e9tang de sports nautiques, vous trouverez de nombreuses installations ext\u00e9rieures pour un teambuilding actif.<\/p>\n\n\n\n<p>Les enfants s&rsquo;amuseront sur l&rsquo;aire de jeux. Apr\u00e8s une partie de minigolf ou de pit-pat, vous pourrez vous asseoir et faire une pause savoureuse.<\/p>\n<\/div><\/div>\n\n\n\n<p>Saviez-vous que vous y pouvez \u00e9galement pratiquer plusieurs sports gratuitement, notamment le beach-volley, le badminton, les quilles, le basket-ball, le mini-foot ou le ping-pong ? Sans aucun doute, De Mosten est un endroit merveilleux, o\u00f9 les enfants et les adolescents s&rsquo;amusent comme des fous. <strong>Des visages heureux partout!<\/strong><\/p>\n\n\n\n<div class=\"wp-block-media-text alignwide has-media-on-the-right is-stacked-on-mobile\"><figure class=\"wp-block-media-text__media\"><img loading=\"lazy\" width=\"800\" height=\"600\" src=\"https:\/\/cdn.visithoogstraten.be\/20210615130643\/Hoogstraten-DeMosten-FotoIlsePrinsen-IPR_0962-800x600.jpg\" alt=\"\" class=\"wp-image-1387 size-full\" srcset=\"https:\/\/cdn.visithoogstraten.be\/20210615130643\/Hoogstraten-DeMosten-FotoIlsePrinsen-IPR_0962-800x600.jpg 800w, https:\/\/cdn.visithoogstraten.be\/20210615130643\/Hoogstraten-DeMosten-FotoIlsePrinsen-IPR_0962-300x225.jpg 300w\" sizes=\"(max-width: 800px) 100vw, 800px\" \/><\/figure><div class=\"wp-block-media-text__content\">\n<p class=\"has-large-font-size\">Goodlife Cablepark<\/p>\n\n\n\n<p>Goodlife Cablepark vous offre une belle ambiance de plage gr\u00e2ce \u00e0 son emplacement unique. Dans ce lieu, vous pouvez apprendre \u00e0 faire du wakeboard ou du ski nautique sous la direction de quelques moniteurs qui vous donneront les conseils n\u00e9cessaires de mani\u00e8re amusante pour vous mettre rapidement sur l&rsquo;eau.<\/p>\n\n\n\n<p>Les wakeboarders confirm\u00e9s pourront s&rsquo;amuser sur les obstacles et les spectateurs pourront appr\u00e9cier les figures sur l&rsquo;eau et prendre un verre au bar de la plage.<\/p>\n<\/div><\/div>\n\n\n\n<div class=\"wp-block-media-text alignwide is-stacked-on-mobile\"><figure class=\"wp-block-media-text__media\"><img loading=\"lazy\" width=\"800\" height=\"600\" src=\"https:\/\/cdn.visithoogstraten.be\/20210619062214\/2021-06-12-Hoogstraten-De-Mosten-012_websize-800x600.jpg\" alt=\"\" class=\"wp-image-1803 size-full\" srcset=\"https:\/\/cdn.visithoogstraten.be\/20210619062214\/2021-06-12-Hoogstraten-De-Mosten-012_websize-800x600.jpg 800w, https:\/\/cdn.visithoogstraten.be\/20210619062214\/2021-06-12-Hoogstraten-De-Mosten-012_websize-300x225.jpg 300w\" sizes=\"(max-width: 800px) 100vw, 800px\" \/><\/figure><div class=\"wp-block-media-text__content\">\n<p class=\"has-large-font-size\">Cours d&rsquo;escalade De Mosten<\/p>\n\n\n\n<p>Le sentier d&rsquo;altitude De Mosten est un parc d&rsquo;escalade aventureux o\u00f9 petits et grands peuvent s&rsquo;amuser. Repoussez vos limites en famille, entre amis ou coll\u00e8gues et vivez une journ\u00e9e inoubliable et active.<\/p>\n\n\n\n<p>Une quarantaine d&rsquo;\u00e9l\u00e9ments d&rsquo;escalade et deux tyroliennes vous feront passer une apr\u00e8s-midi pleine d&rsquo;excitation et de d\u00e9fis. Le parcours d&rsquo;escalade est le lieu de rendez-vous pour un apr\u00e8s-midi de plaisir et de divertissement. Des moniteurs d&rsquo;escalade sont pr\u00e9sents du d\u00e9but \u00e0 la fin pour vous guider \u00e0 travers quatre voies d&rsquo;escalade diff\u00e9rentes. Ils vous donneront des instructions et vous aideront si n\u00e9cessaire.<\/p>\n<\/div><\/div>\n\n\n\n<div class=\"wp-block-media-text alignwide has-media-on-the-right is-stacked-on-mobile\"><figure class=\"wp-block-media-text__media\"><img loading=\"lazy\" width=\"800\" height=\"600\" src=\"https:\/\/cdn.visithoogstraten.be\/20210909074408\/Kortebeentjespad-1-800x600.jpg\" alt=\"Kortebeentjespad (4)\" class=\"wp-image-6565 size-full\" srcset=\"https:\/\/cdn.visithoogstraten.be\/20210909074408\/Kortebeentjespad-1-800x600.jpg 800w, https:\/\/cdn.visithoogstraten.be\/20210909074408\/Kortebeentjespad-1-300x225.jpg 300w\" sizes=\"(max-width: 800px) 100vw, 800px\" \/><\/figure><div class=\"wp-block-media-text__content\">\n<p class=\"has-large-font-size\">Le &lsquo;Korte Beentjespad&rsquo;: un sentier de randonn\u00e9e aventureux pour les enfants<\/p>\n\n\n\n<p>Le Korte Beentjespad est un parcours de randonn\u00e9e de 1,5 km dans la r\u00e9serve naturelle de Den Rooy \u00e0 Meerle. Les mamans et les papas suivent courageusement le sentier des adultes, mais les enfants d\u00e9couvrent le chemin \u00e0 leur mani\u00e8re.<\/p>\n\n\n\n<p>Ils peuvent marcher sur des chemins sinueux et des ponts, ils peuvent sentir la mousse, grimper parmi les arbres tomb\u00e9s et d\u00e9couvrir des animaux chatouilleux. Venez sauter par-dessus les foss\u00e9s, construire des cabanes et bien d&rsquo;autres choses encore. Le Korte Beentjespad garantit des visages d&rsquo;enfants heureux, des mains sales et un apr\u00e8s-midi formidable.<\/p>\n<\/div><\/div>\n\n\n\n<div class=\"wp-block-media-text alignwide is-stacked-on-mobile\"><figure class=\"wp-block-media-text__media\"><img loading=\"lazy\" width=\"800\" height=\"600\" src=\"https:\/\/cdn.visithoogstraten.be\/20210909075956\/Steptours-800x600.jpeg\" alt=\"Steptours\" class=\"wp-image-6577 size-full\" srcset=\"https:\/\/cdn.visithoogstraten.be\/20210909075956\/Steptours-800x600.jpeg 800w, https:\/\/cdn.visithoogstraten.be\/20210909075956\/Steptours-300x225.jpeg 300w\" sizes=\"(max-width: 800px) 100vw, 800px\" \/><\/figure><div class=\"wp-block-media-text__content\">\n<p class=\"has-large-font-size\">Steptours &amp; Velofun<\/p>\n\n\n\n<p>Cherchez-vous un moyen rapide de d\u00e9couvrir Hoogstraten? Alors montez sur l&rsquo;e-step ou sur Elliptigo.<\/p>\n\n\n\n<p>Steptours Hoogstraten et Velofun Hoogstraten ont trac\u00e9 de magnifiques itin\u00e9raires le long des sites les plus impressionnants de Hoogstraten. Pendant le circuit, vous pouvez vous arr\u00eater pour manger et boire et les itin\u00e9raires sont con\u00e7us intelligemment pour que vous n&rsquo;ayez pas besoin de recharger votre step \/ Elliptigo. Tout est contr\u00f4l\u00e9 par GPS (pas de probl\u00e8mes avec les plans qui s&rsquo;envolent au vent !) et la vari\u00e9t\u00e9 des paysages fait que le temps passe vite. Plusieurs parcours sont disponibles ou vous pouvez choisir votre propre chemin.<\/p>\n<\/div><\/div>\n\n\n\n<div class=\"wp-block-media-text alignwide has-media-on-the-right is-stacked-on-mobile\"><figure class=\"wp-block-media-text__media\"><img loading=\"lazy\" width=\"800\" height=\"600\" src=\"https:\/\/cdn.visithoogstraten.be\/20220308123615\/IMG_5875-800x600.jpg\" alt=\"Epic Alpaca Farm Ho\" class=\"wp-image-10203 size-full\" srcset=\"https:\/\/cdn.visithoogstraten.be\/20220308123615\/IMG_5875-800x600.jpg 800w, https:\/\/cdn.visithoogstraten.be\/20220308123615\/IMG_5875-300x225.jpg 300w\" sizes=\"(max-width: 800px) 100vw, 800px\" \/><\/figure><div class=\"wp-block-media-text__content\">\n<p class=\"has-large-font-size\">Alpaca Farm<\/p>\n\n\n\n<p>Vous cherchez quelque chose de diff\u00e9rent ?<\/p>\n\n\n\n<p>Alors commencez votre journ\u00e9e parmi les alpagas. Savourez votre d\u00e9jeuner en observant les alpagas ou aventurez-vous avec ces mangeurs d&rsquo;herbe duveteuse. Les alpagas de la ferme Epic Alpaca Farm \u00e0 Hoogstraten aiment faire des c\u00e2lins, donner des baisers et prendre des selfies.<\/p>\n\n\n\n<p>Vous pouvez visiter l&rsquo;Epic Alpaca Farm Hoogstraten uniquement sur rendez-vous.<\/p>\n<\/div><\/div>\n\n\n\n<div class=\"wp-block-media-text alignwide is-stacked-on-mobile\"><figure class=\"wp-block-media-text__media\"><img loading=\"lazy\" width=\"768\" height=\"600\" src=\"https:\/\/cdn.visithoogstraten.be\/20230317095220\/ID-kaart-768x600.jpg\" alt=\"\" class=\"wp-image-18164 size-full\"\/><\/figure><div class=\"wp-block-media-text__content\">\n<p class=\"has-large-font-size\">Salle d&rsquo;\u00e9vasion Le Vagrant<\/p>\n\n\n\n<p>Au c\u0153ur de Wortel-Kolonie, vous trouverez \u2018Landloper\u2019 (Vagrant). Dans cette maison d&rsquo;exp\u00e9rience, vous vivrez l&rsquo;histoire des vagrants de Wortel-Kolonie et du site d&rsquo;une mani\u00e8re ludique et relaxante.<\/p>\n\n\n\n<p>Mettez-vous au d\u00e9fi, avec vos amis, d&rsquo;\u00eatre le premier \u00e0 trouver la sortie de la salle d&rsquo;\u00e9vasion ou \u00e0 terminer le jeu ext\u00e9rieur. Entrez dans le monde des vagrants et decouvrir leur histoire.<\/p>\n\n\n\n<p>La salle d\u2019\u00e9vasion convient aux petits groupes. Pour les groupes plus nombreux, le jeu GPS en plein air est id\u00e9al.<\/p>\n<\/div><\/div>\n\n\n\n<div class=\"wp-block-media-text alignwide has-media-on-the-right is-stacked-on-mobile\"><figure class=\"wp-block-media-text__media\"><img loading=\"lazy\" width=\"800\" height=\"600\" src=\"https:\/\/cdn.visithoogstraten.be\/20210915124016\/Sportoase-800x600.jpg\" alt=\"Zwembad Sportoase\" class=\"wp-image-7204 size-full\" srcset=\"https:\/\/cdn.visithoogstraten.be\/20210915124016\/Sportoase-800x600.jpg 800w, https:\/\/cdn.visithoogstraten.be\/20210915124016\/Sportoase-300x225.jpg 300w\" sizes=\"(max-width: 800px) 100vw, 800px\" \/><\/figure><div class=\"wp-block-media-text__content\">\n<p class=\"has-large-font-size\">Piscine Sportoase et campus sportif<\/p>\n\n\n\n<p>La piscine de Hoogstraten est situ\u00e9e dans le campus sportif, pr\u00e8s du centre de la ville d\u2019Hoogstraten. Le lieu offre de nombreuses possibilit\u00e9s. Vous pouvez vous baigner, r\u00e9server une s\u00e9ance d&rsquo;entra\u00eenement ou suivre des cours collectifs.<\/p>\n\n\n\n<p>Commencez votre journ\u00e9e en bonne sant\u00e9 et venez am\u00e9liorer votre record de course sur la piste finlandaise ou la piste d&rsquo;athl\u00e9tisme. Pour les skaters, il y a le skate park.<\/p>\n\n\n\n<p>Vous n&rsquo;aurez plus d&rsquo;excuse pour ne pas faire de sport. Venez faire de l&rsquo;exercice et augmenter votre rythme cardiaque.<\/p>\n<\/div><\/div>\n\n\n\n<div class=\"wp-block-media-text alignwide is-stacked-on-mobile\"><figure class=\"wp-block-media-text__media\"><img loading=\"lazy\" width=\"800\" height=\"600\" src=\"https:\/\/cdn.visithoogstraten.be\/20210613084200\/4.5-Paalkamperen_1-C-Agent-voor-Natuur-Bos-Auteur-Wim-Verschraegen-800x600.jpg\" alt=\"Kamperen in Hoogstraten\" class=\"wp-image-814 size-full\" srcset=\"https:\/\/cdn.visithoogstraten.be\/20210613084200\/4.5-Paalkamperen_1-C-Agent-voor-Natuur-Bos-Auteur-Wim-Verschraegen-800x600.jpg 800w, https:\/\/cdn.visithoogstraten.be\/20210613084200\/4.5-Paalkamperen_1-C-Agent-voor-Natuur-Bos-Auteur-Wim-Verschraegen-300x225.jpg 300w\" sizes=\"(max-width: 800px) 100vw, 800px\" \/><\/figure><div class=\"wp-block-media-text__content\">\n<p class=\"has-large-font-size\">Back to basics<\/p>\n\n\n\n<p>Faire du camping au milieu de nulle part : une exp\u00e9rience dont vos enfants parleront longtemps. Fini le luxe et le wifi, bienvenue aux oiseaux qui gazouillent et \u00e0 la nature qui sent bon.<\/p>\n\n\n\n<p>Au milieu de Wortel-Kolonie (patrimoine mondial de l&rsquo;UNESCO) vous plantez votre tente et c&rsquo;est tout. Les r\u00e8gles du jeu sont simples : dans un rayon de dix m\u00e8tres autour de la pompe \u00e0 eau, vous pouvez camper avec un maximum de trois tentes et de dix personnes. C&rsquo;est du camping sauvage l\u00e9gal, en fait.<\/p>\n\n\n\n<div class=\"wp-block-buttons\">\n<div class=\"wp-block-button\"><a class=\"wp-block-button__link\" href=\"https:\/\/visithoogstraten.be\/fr\/?page_id=16924\" target=\"_blank\" rel=\"noreferrer noopener\">Vous cherchez d&rsquo;autres endroits o\u00f9 s\u00e9journer?<\/a><\/div>\n<\/div>\n<\/div><\/div>\n\n\n\n<div class=\"wp-block-media-text alignwide has-media-on-the-right is-stacked-on-mobile\"><figure class=\"wp-block-media-text__media\"><img loading=\"lazy\" width=\"800\" height=\"600\" src=\"https:\/\/cdn.visithoogstraten.be\/20210909093227\/Loopparcours-3-800x600.jpg\" alt=\"\" class=\"wp-image-6602 size-full\" srcset=\"https:\/\/cdn.visithoogstraten.be\/20210909093227\/Loopparcours-3-800x600.jpg 800w, https:\/\/cdn.visithoogstraten.be\/20210909093227\/Loopparcours-3-300x225.jpg 300w\" sizes=\"(max-width: 800px) 100vw, 800px\" \/><\/figure><div class=\"wp-block-media-text__content\">\n<p class=\"has-large-font-size\">Parcours de course \u00e0 pied \u00e0<strong> <\/strong>travers le patrimoine mondial de l&rsquo;UNESCO<\/p>\n\n\n\n<p>Vous aimez d\u00e9couvrir de nouveaux endroits ? Alors la piste de course \u00e0 pied de Wortel-Kolonie est parfaite. Le bonus ultime est que vous courez \u00e0 travers le patrimoine mondial de l&rsquo;Unesco. Une exp\u00e9rience plus qu\u2019unique.<\/p>\n\n\n\n<p>La piste de course n&rsquo;est pas pav\u00e9e \u00e0 95 %. Il y a trois boucles diff\u00e9rentes de 5, 6 et 10 km, que vous pouvez facilement suivre gr\u00e2ce \u00e0 la signalisation sp\u00e9cifique. Vous pouvez commencer au centre d&rsquo;accueil De Klapekster, o\u00f9 vous pourrez ensuite d\u00e9guster une boisson bien m\u00e9rit\u00e9e&#8230;<\/p>\n<\/div><\/div>\n","protected":false},"excerpt":{"rendered":"<p>Vous recherchez l&rsquo;aventure ? Vous aimez sortir et&#8230;<\/p>\n","protected":false},"author":1,"featured_media":17286,"parent":0,"menu_order":0,"comment_status":"closed","ping_status":"closed","template":"","meta":[],"acf":[],"yoast_head":"<!-- This site is optimized with the Yoast SEO plugin v17.7.1 - https:\/\/yoast.com\/wordpress\/plugins\/seo\/ -->\n<meta name=\"robots\" content=\"index, follow, max-snippet:-1, max-image-preview:large, max-video-preview:-1\" \/>\n<link rel=\"canonical\" href=\"https:\/\/visithoogstraten.be\/fr\/aventure\/\" \/>\n<meta property=\"og:locale\" content=\"fr_FR\" \/>\n<meta property=\"og:type\" content=\"article\" \/>\n<meta property=\"og:title\" content=\"L&#039;aventure | VisitHoogstraten\" \/>\n<meta property=\"og:description\" content=\"Vous recherchez l&rsquo;aventure ? Vous aimez sortir et...\" \/>\n<meta property=\"og:url\" content=\"https:\/\/visithoogstraten.be\/fr\/aventure\/\" \/>\n<meta property=\"og:site_name\" content=\"VisitHoogstraten\" \/>\n<meta property=\"article:publisher\" content=\"https:\/\/www.facebook.com\/visithoogstraten\" \/>\n<meta property=\"article:modified_time\" content=\"2023-04-24T12:40:19+00:00\" \/>\n<meta property=\"og:image\" content=\"https:\/\/cdn.visithoogstraten.be\/20230210104349\/2021-06-12-Hoogstraten-De-Mosten-014_websize-1.jpg\" \/>\n\t<meta property=\"og:image:width\" content=\"1600\" \/>\n\t<meta property=\"og:image:height\" content=\"1067\" \/>\n<meta name=\"twitter:card\" content=\"summary_large_image\" \/>\n<meta name=\"twitter:label1\" content=\"Est. reading time\" \/>\n\t<meta name=\"twitter:data1\" content=\"7 minutes\" \/>\n<script type=\"application\/ld+json\" class=\"yoast-schema-graph\">{\"@context\":\"https:\/\/schema.org\",\"@graph\":[{\"@type\":\"WebSite\",\"@id\":\"https:\/\/visithoogstraten.be\/#website\",\"url\":\"https:\/\/visithoogstraten.be\/\",\"name\":\"VisitHoogstraten\",\"description\":\"Ontdek Hoogstraten\",\"potentialAction\":[{\"@type\":\"SearchAction\",\"target\":{\"@type\":\"EntryPoint\",\"urlTemplate\":\"https:\/\/visithoogstraten.be\/?s={search_term_string}\"},\"query-input\":\"required name=search_term_string\"}],\"inLanguage\":\"fr-FR\"},{\"@type\":\"ImageObject\",\"@id\":\"https:\/\/visithoogstraten.be\/fr\/aventure\/#primaryimage\",\"inLanguage\":\"fr-FR\",\"url\":\"https:\/\/cdn.visithoogstraten.be\/20230210104349\/2021-06-12-Hoogstraten-De-Mosten-014_websize-1.jpg\",\"contentUrl\":\"https:\/\/cdn.visithoogstraten.be\/20230210104349\/2021-06-12-Hoogstraten-De-Mosten-014_websize-1.jpg\",\"width\":1600,\"height\":1067},{\"@type\":\"WebPage\",\"@id\":\"https:\/\/visithoogstraten.be\/fr\/aventure\/#webpage\",\"url\":\"https:\/\/visithoogstraten.be\/fr\/aventure\/\",\"name\":\"L'aventure | VisitHoogstraten\",\"isPartOf\":{\"@id\":\"https:\/\/visithoogstraten.be\/#website\"},\"primaryImageOfPage\":{\"@id\":\"https:\/\/visithoogstraten.be\/fr\/aventure\/#primaryimage\"},\"datePublished\":\"2023-04-24T11:39:08+00:00\",\"dateModified\":\"2023-04-24T12:40:19+00:00\",\"breadcrumb\":{\"@id\":\"https:\/\/visithoogstraten.be\/fr\/aventure\/#breadcrumb\"},\"inLanguage\":\"fr-FR\",\"potentialAction\":[{\"@type\":\"ReadAction\",\"target\":[\"https:\/\/visithoogstraten.be\/fr\/aventure\/\"]}]},{\"@type\":\"BreadcrumbList\",\"@id\":\"https:\/\/visithoogstraten.be\/fr\/aventure\/#breadcrumb\",\"itemListElement\":[{\"@type\":\"ListItem\",\"position\":1,\"name\":\"Home\",\"item\":\"https:\/\/visithoogstraten.be\/fr\/\"},{\"@type\":\"ListItem\",\"position\":2,\"name\":\"L&#8217;aventure\"}]}]}<\/script>\n<!-- \/ Yoast SEO plugin. -->","yoast_head_json":{"robots":{"index":"index","follow":"follow","max-snippet":"max-snippet:-1","max-image-preview":"max-image-preview:large","max-video-preview":"max-video-preview:-1"},"canonical":"https:\/\/visithoogstraten.be\/fr\/aventure\/","og_locale":"fr_FR","og_type":"article","og_title":"L'aventure | VisitHoogstraten","og_description":"Vous recherchez l&rsquo;aventure ? Vous aimez sortir et...","og_url":"https:\/\/visithoogstraten.be\/fr\/aventure\/","og_site_name":"VisitHoogstraten","article_publisher":"https:\/\/www.facebook.com\/visithoogstraten","article_modified_time":"2023-04-24T12:40:19+00:00","og_image":[{"width":1600,"height":1067,"url":"https:\/\/cdn.visithoogstraten.be\/20230210104349\/2021-06-12-Hoogstraten-De-Mosten-014_websize-1.jpg","type":"image\/jpeg"}],"twitter_card":"summary_large_image","twitter_misc":{"Est. reading time":"7 minutes"},"schema":{"@context":"https:\/\/schema.org","@graph":[{"@type":"WebSite","@id":"https:\/\/visithoogstraten.be\/#website","url":"https:\/\/visithoogstraten.be\/","name":"VisitHoogstraten","description":"Ontdek Hoogstraten","potentialAction":[{"@type":"SearchAction","target":{"@type":"EntryPoint","urlTemplate":"https:\/\/visithoogstraten.be\/?s={search_term_string}"},"query-input":"required name=search_term_string"}],"inLanguage":"fr-FR"},{"@type":"ImageObject","@id":"https:\/\/visithoogstraten.be\/fr\/aventure\/#primaryimage","inLanguage":"fr-FR","url":"https:\/\/cdn.visithoogstraten.be\/20230210104349\/2021-06-12-Hoogstraten-De-Mosten-014_websize-1.jpg","contentUrl":"https:\/\/cdn.visithoogstraten.be\/20230210104349\/2021-06-12-Hoogstraten-De-Mosten-014_websize-1.jpg","width":1600,"height":1067},{"@type":"WebPage","@id":"https:\/\/visithoogstraten.be\/fr\/aventure\/#webpage","url":"https:\/\/visithoogstraten.be\/fr\/aventure\/","name":"L'aventure | VisitHoogstraten","isPartOf":{"@id":"https:\/\/visithoogstraten.be\/#website"},"primaryImageOfPage":{"@id":"https:\/\/visithoogstraten.be\/fr\/aventure\/#primaryimage"},"datePublished":"2023-04-24T11:39:08+00:00","dateModified":"2023-04-24T12:40:19+00:00","breadcrumb":{"@id":"https:\/\/visithoogstraten.be\/fr\/aventure\/#breadcrumb"},"inLanguage":"fr-FR","potentialAction":[{"@type":"ReadAction","target":["https:\/\/visithoogstraten.be\/fr\/aventure\/"]}]},{"@type":"BreadcrumbList","@id":"https:\/\/visithoogstraten.be\/fr\/aventure\/#breadcrumb","itemListElement":[{"@type":"ListItem","position":1,"name":"Home","item":"https:\/\/visithoogstraten.be\/fr\/"},{"@type":"ListItem","position":2,"name":"L&#8217;aventure"}]}]}},"_links":{"self":[{"href":"https:\/\/visithoogstraten.be\/fr\/wp-json\/wp\/v2\/pages\/16934"}],"collection":[{"href":"https:\/\/visithoogstraten.be\/fr\/wp-json\/wp\/v2\/pages"}],"about":[{"href":"https:\/\/visithoogstraten.be\/fr\/wp-json\/wp\/v2\/types\/page"}],"author":[{"embeddable":true,"href":"https:\/\/visithoogstraten.be\/fr\/wp-json\/wp\/v2\/users\/1"}],"replies":[{"embeddable":true,"href":"https:\/\/visithoogstraten.be\/fr\/wp-json\/wp\/v2\/comments?post=16934"}],"version-history":[{"count":25,"href":"https:\/\/visithoogstraten.be\/fr\/wp-json\/wp\/v2\/pages\/16934\/revisions"}],"predecessor-version":[{"id":19260,"href":"https:\/\/visithoogstraten.be\/fr\/wp-json\/wp\/v2\/pages\/16934\/revisions\/19260"}],"wp:featuredmedia":[{"embeddable":true,"href":"https:\/\/visithoogstraten.be\/fr\/wp-json\/wp\/v2\/media\/17286"}],"wp:attachment":[{"href":"https:\/\/visithoogstraten.be\/fr\/wp-json\/wp\/v2\/media?parent=16934"}],"curies":[{"name":"wp","href":"https:\/\/api.w.org\/{rel}","templated":true}]}}