{"id":16924,"date":"2023-04-24T13:38:25","date_gmt":"2023-04-24T11:38:25","guid":{"rendered":"https:\/\/visithoogstraten.be\/?page_id=16924"},"modified":"2023-04-24T14:28:54","modified_gmt":"2023-04-24T12:28:54","slug":"5-facons-sympas-de-sejourner-a-hoogstraten","status":"publish","type":"page","link":"https:\/\/visithoogstraten.be\/fr\/5-facons-sympas-de-sejourner-a-hoogstraten\/","title":{"rendered":"5 fa\u00e7ons sympas de s\u00e9journer \u00e0 Hoogstraten"},"content":{"rendered":"\n<p>Pour profiter pleinement des atouts de Hoogstraten, il est pr\u00e9f\u00e9rable de rester quelques jours. Hoogstraten offre plusieurs possibilit\u00e9s d&rsquo;h\u00e9bergement. Nous vous garantissons que vous y passerez un merveilleux s\u00e9jour.&nbsp;<\/p>\n\n\n\n<p>Qu&rsquo;il s&rsquo;agisse d&rsquo;une ferme de vacances active pour toute la famille, d&rsquo;un h\u00f4tel flambant neuf dans le centre-ville anim\u00e9, d&rsquo;une chambre d&rsquo;h\u00f4tes pittoresque dans un environnement calme et verdoyant ou d&rsquo;un camping au milieu du patrimoine mondial de l&rsquo;Unesco\u2026 \u00e0 Hoogstraten, vous pouvez tout faire. Quel que soit votre choix, les h\u00f4tes sont heureux de vous accueillir et vous garantissent un s\u00e9jour chaleureux et g\u00e9n\u00e9reux.<\/p>\n\n\n\n<div class=\"wp-block-media-text alignwide is-stacked-on-mobile\"><figure class=\"wp-block-media-text__media\"><img loading=\"lazy\" width=\"800\" height=\"600\" src=\"https:\/\/cdn.visithoogstraten.be\/20210613083400\/Hotel-De-Jachthoorn-800x600.jpg\" alt=\"Hotel Hoogstraten - De Jachthoorn\" class=\"wp-image-806 size-full\" srcset=\"https:\/\/cdn.visithoogstraten.be\/20210613083400\/Hotel-De-Jachthoorn-800x600.jpg 800w, https:\/\/cdn.visithoogstraten.be\/20210613083400\/Hotel-De-Jachthoorn-300x225.jpg 300w, https:\/\/cdn.visithoogstraten.be\/20210613083400\/Hotel-De-Jachthoorn-768x576.jpg 768w, https:\/\/cdn.visithoogstraten.be\/20210613083400\/Hotel-De-Jachthoorn-600x450.jpg 600w, https:\/\/cdn.visithoogstraten.be\/20210613083400\/Hotel-De-Jachthoorn.jpg 1024w\" sizes=\"(max-width: 800px) 100vw, 800px\" \/><\/figure><div class=\"wp-block-media-text__content\">\n<p class=\"has-large-font-size\">H\u00f4tel urbain dans le centre anim\u00e9<\/p>\n\n\n\n<p>Venez s\u00e9journer dans le tout nouvel h\u00f4tel urbain. L&rsquo;h\u00f4tel De Jachthoorn est l&rsquo;escapade parfaite pour d\u00e9couvrir Hoogstraten. Le seul h\u00f4tel de Hoogstraten est situ\u00e9 \u00e0 l&rsquo;ombre de l&rsquo;\u00e9glise Sainte-Catherine. Attendez-vous aux chambres neuves et modernes, dot\u00e9es de tout le confort n\u00e9cessaire, o\u00f9 vous pourrez r\u00eaver et vous r\u00e9veiller en toute s\u00e9r\u00e9nit\u00e9. \u00catre r\u00e9veill\u00e9 par le magnifique carillon, c\u2019est une exp\u00e9rience unique.<\/p>\n\n\n\n<div class=\"wp-block-buttons\">\n<div class=\"wp-block-button\"><a class=\"wp-block-button__link\" href=\"https:\/\/welkom.bistrobar.be\/nl\" target=\"_blank\" rel=\"noreferrer noopener\">R\u00e9servez ici<\/a><\/div>\n<\/div>\n<\/div><\/div>\n\n\n\n<div class=\"wp-block-media-text alignwide has-media-on-the-right is-stacked-on-mobile\"><figure class=\"wp-block-media-text__media\"><img loading=\"lazy\" width=\"800\" height=\"600\" src=\"https:\/\/cdn.visithoogstraten.be\/20210613084200\/4.5-Paalkamperen_1-C-Agent-voor-Natuur-Bos-Auteur-Wim-Verschraegen-800x600.jpg\" alt=\"Kamperen in Hoogstraten\" class=\"wp-image-814 size-full\" srcset=\"https:\/\/cdn.visithoogstraten.be\/20210613084200\/4.5-Paalkamperen_1-C-Agent-voor-Natuur-Bos-Auteur-Wim-Verschraegen-800x600.jpg 800w, https:\/\/cdn.visithoogstraten.be\/20210613084200\/4.5-Paalkamperen_1-C-Agent-voor-Natuur-Bos-Auteur-Wim-Verschraegen-300x225.jpg 300w\" sizes=\"(max-width: 800px) 100vw, 800px\" \/><\/figure><div class=\"wp-block-media-text__content\">\n<p class=\"has-large-font-size\">Camping au patrimoine mondial de l&rsquo;UNESCO<\/p>\n\n\n\n<p>Voici une exp\u00e9rience dont vos enfants parleront longtemps. Oubliez le luxe et le wifi, mais accueillez les oiseaux qui gazouillent et la nature qui sent bon.<\/p>\n\n\n\n<p>Au milieu de Wortel-Kolonie (patrimoine mondial de l&rsquo;UNESCO, vous vous souvenez ?), vous plantez votre tente et c&rsquo;est tout. Les r\u00e8gles sont simples : dans un rayon de dix m\u00e8tres autour de la pompe \u00e0 eau, vous pouvez camper avec un maximum de trois tentes et de dix personnes. Le camping sauvage l\u00e9gal, on peut dire&#8230; Faites attention&nbsp;: Wortel-Kolonie est un zone de silence officiel.<\/p>\n<\/div><\/div>\n\n\n\n<div class=\"wp-block-media-text alignwide is-stacked-on-mobile\"><figure class=\"wp-block-media-text__media\"><img loading=\"lazy\" width=\"900\" height=\"441\" src=\"https:\/\/cdn.visithoogstraten.be\/20210613085041\/BB-Toast-e1682337613756.jpg\" alt=\"B&amp;B Toast\" class=\"wp-image-820 size-full\" srcset=\"https:\/\/cdn.visithoogstraten.be\/20210613085041\/BB-Toast-e1682337613756.jpg 900w, https:\/\/cdn.visithoogstraten.be\/20210613085041\/BB-Toast-e1682337613756-768x376.jpg 768w\" sizes=\"(max-width: 900px) 100vw, 900px\" \/><\/figure><div class=\"wp-block-media-text__content\">\n<p class=\"has-large-font-size\">Chambres d&rsquo;h\u00f4tes \u00e0 la campagne<\/p>\n\n\n\n<p>Recherchez le joyau cach\u00e9 en dehors du centre de Hoogstraten. Choisissez un B&amp;B dans les environs pittoresques de Wortel, Meerle ou Minderhout comme base parfaite pour la marche ou le v\u00e9lo. Les h\u00f4tes tiennent \u00e0 vous g\u00e2ter d\u00e8s le matin avec un authentique petit-d\u00e9jeuner local compos\u00e9 de d\u00e9lices de bon go\u00fbt.<\/p>\n\n\n\n<div class=\"wp-block-buttons\">\n<div class=\"wp-block-button\"><a class=\"wp-block-button__link\" href=\"https:\/\/visithoogstraten.be\/overnachten\/?\" target=\"_blank\" rel=\"noreferrer noopener\">Choisissez votre B&amp;B ici<\/a><\/div>\n<\/div>\n<\/div><\/div>\n\n\n\n<div class=\"wp-block-media-text alignwide has-media-on-the-right is-stacked-on-mobile\"><figure class=\"wp-block-media-text__media\"><img loading=\"lazy\" width=\"800\" height=\"600\" src=\"https:\/\/cdn.visithoogstraten.be\/20210919161654\/Screenshot_20210901-170019_Samsung-Internet-800x600.jpg\" alt=\"\" class=\"wp-image-7486 size-full\" srcset=\"https:\/\/cdn.visithoogstraten.be\/20210919161654\/Screenshot_20210901-170019_Samsung-Internet-800x600.jpg 800w, https:\/\/cdn.visithoogstraten.be\/20210919161654\/Screenshot_20210901-170019_Samsung-Internet-300x225.jpg 300w, https:\/\/cdn.visithoogstraten.be\/20210919161654\/Screenshot_20210901-170019_Samsung-Internet-768x577.jpg 768w, https:\/\/cdn.visithoogstraten.be\/20210919161654\/Screenshot_20210901-170019_Samsung-Internet-600x451.jpg 600w, https:\/\/cdn.visithoogstraten.be\/20210919161654\/Screenshot_20210901-170019_Samsung-Internet.jpg 985w\" sizes=\"(max-width: 800px) 100vw, 800px\" \/><\/figure><div class=\"wp-block-media-text__content\">\n<p class=\"has-large-font-size\">Sur la route avec le camping-car<\/p>\n\n\n\n<p>Au &lsquo;Kakelhof&rsquo; \u00e0 Meer, vous n&rsquo;aurez pas seulement un endroit pour dormir, mais aussi le go\u00fbt unique d\u2019Hoogstraten. Kakelhof est avant tout un \u00e9levage de poules pondeuses, mais dans son hall de distributeurs automatiques, vous trouverez toute la gamme des saveurs de Hoogstraten. Kakelhof est situ\u00e9 \u00e0 proximit\u00e9 de la sortie d&rsquo;autoroute \u00ab\u00a0Meer\u00a0\u00bb, \u00e0 un jet de pierre de la zone de loisirs De Mosten et le long du r\u00e9seau de randonn\u00e9es p\u00e9destres et cyclistes de Hoogstraten. Vous pouvez s\u00e9journer gratuitement au Kakelhof.<\/p>\n\n\n\n<div class=\"wp-block-buttons\">\n<div class=\"wp-block-button\"><a class=\"wp-block-button__link\" href=\"https:\/\/www.campercontact.com\/nl\/belgie\/vlaanderen\/meer\/93179\/t-kakelhof\" target=\"_blank\" rel=\"noreferrer noopener\">Garez votre camping-car au Kakelhof<\/a><\/div>\n<\/div>\n<\/div><\/div>\n\n\n\n<div class=\"wp-block-media-text alignwide is-stacked-on-mobile\"><figure class=\"wp-block-media-text__media\"><img loading=\"lazy\" width=\"800\" height=\"600\" src=\"https:\/\/cdn.visithoogstraten.be\/20210613091538\/Vakantieboerderij-De-Bouwhoeve-800x600.jpg\" alt=\"Vakantiewoning Hoogstraten\" class=\"wp-image-837 size-full\" srcset=\"https:\/\/cdn.visithoogstraten.be\/20210613091538\/Vakantieboerderij-De-Bouwhoeve-800x600.jpg 800w, https:\/\/cdn.visithoogstraten.be\/20210613091538\/Vakantieboerderij-De-Bouwhoeve-300x225.jpg 300w\" sizes=\"(max-width: 800px) 100vw, 800px\" \/><\/figure><div class=\"wp-block-media-text__content\">\n<p class=\"has-large-font-size\">Ferme de vacances<\/p>\n\n\n\n<p>Vous pr\u00e9voyez un voyage avec toute votre famille ? \u00c0 \u00ab\u00a0De Bouwhoeve\u00a0\u00bb, vous trouverez 6 fermes de vacances s\u00e9par\u00e9es o\u00f9 vous pourrez s\u00e9journer avec jusqu&rsquo;\u00e0 22 personnes. Chacun a sa propre place, mais vous pouvez quand m\u00eame profiter du petit-d\u00e9jeuner ensemble et de l&rsquo;espace de d\u00e9tente.&nbsp;<\/p>\n\n\n\n<p>Les enfants s&rsquo;amuseront sans fin dans la cour et d\u00e9gusteront les meilleures glaces fermi\u00e8res de la Campine.<\/p>\n\n\n\n<div class=\"wp-block-buttons\">\n<div class=\"wp-block-button\"><a class=\"wp-block-button__link\" href=\"https:\/\/www.debouwhoeve.be\/home-2\/logies\/\" target=\"_blank\" rel=\"noreferrer noopener\">Je veux une glace!<\/a><\/div>\n<\/div>\n<\/div><\/div>\n","protected":false},"excerpt":{"rendered":"<p>Pour profiter pleinement des atouts de Hoogstraten, il&#8230;<\/p>\n","protected":false},"author":1,"featured_media":5456,"parent":0,"menu_order":0,"comment_status":"closed","ping_status":"closed","template":"","meta":[],"acf":[],"yoast_head":"<!-- This site is optimized with the Yoast SEO plugin v17.7.1 - https:\/\/yoast.com\/wordpress\/plugins\/seo\/ -->\n<meta name=\"robots\" content=\"index, follow, max-snippet:-1, max-image-preview:large, max-video-preview:-1\" \/>\n<link rel=\"canonical\" href=\"https:\/\/visithoogstraten.be\/fr\/5-facons-sympas-de-sejourner-a-hoogstraten\/\" \/>\n<meta property=\"og:locale\" content=\"fr_FR\" \/>\n<meta property=\"og:type\" content=\"article\" \/>\n<meta property=\"og:title\" content=\"5 fa\u00e7ons sympas de s\u00e9journer \u00e0 Hoogstraten | VisitHoogstraten\" \/>\n<meta property=\"og:description\" content=\"Pour profiter pleinement des atouts de Hoogstraten, il...\" \/>\n<meta property=\"og:url\" content=\"https:\/\/visithoogstraten.be\/fr\/5-facons-sympas-de-sejourner-a-hoogstraten\/\" \/>\n<meta property=\"og:site_name\" content=\"VisitHoogstraten\" \/>\n<meta property=\"article:publisher\" content=\"https:\/\/www.facebook.com\/visithoogstraten\" \/>\n<meta property=\"article:modified_time\" content=\"2023-04-24T12:28:54+00:00\" \/>\n<meta property=\"og:image\" content=\"https:\/\/cdn.visithoogstraten.be\/20210831165305\/slaapkamer-1_-e1682337714959.png\" \/>\n\t<meta property=\"og:image:width\" content=\"1588\" \/>\n\t<meta property=\"og:image:height\" content=\"623\" \/>\n<meta name=\"twitter:card\" content=\"summary_large_image\" \/>\n<meta name=\"twitter:label1\" content=\"Est. reading time\" \/>\n\t<meta name=\"twitter:data1\" content=\"4 minutes\" \/>\n<script type=\"application\/ld+json\" class=\"yoast-schema-graph\">{\"@context\":\"https:\/\/schema.org\",\"@graph\":[{\"@type\":\"WebSite\",\"@id\":\"https:\/\/visithoogstraten.be\/#website\",\"url\":\"https:\/\/visithoogstraten.be\/\",\"name\":\"VisitHoogstraten\",\"description\":\"Ontdek Hoogstraten\",\"potentialAction\":[{\"@type\":\"SearchAction\",\"target\":{\"@type\":\"EntryPoint\",\"urlTemplate\":\"https:\/\/visithoogstraten.be\/?s={search_term_string}\"},\"query-input\":\"required name=search_term_string\"}],\"inLanguage\":\"fr-FR\"},{\"@type\":\"ImageObject\",\"@id\":\"https:\/\/visithoogstraten.be\/fr\/5-facons-sympas-de-sejourner-a-hoogstraten\/#primaryimage\",\"inLanguage\":\"fr-FR\",\"url\":\"https:\/\/cdn.visithoogstraten.be\/20210831165305\/slaapkamer-1_-e1682337714959.png\",\"contentUrl\":\"https:\/\/cdn.visithoogstraten.be\/20210831165305\/slaapkamer-1_-e1682337714959.png\",\"width\":1588,\"height\":623},{\"@type\":\"WebPage\",\"@id\":\"https:\/\/visithoogstraten.be\/fr\/5-facons-sympas-de-sejourner-a-hoogstraten\/#webpage\",\"url\":\"https:\/\/visithoogstraten.be\/fr\/5-facons-sympas-de-sejourner-a-hoogstraten\/\",\"name\":\"5 fa\\u00e7ons sympas de s\\u00e9journer \\u00e0 Hoogstraten | VisitHoogstraten\",\"isPartOf\":{\"@id\":\"https:\/\/visithoogstraten.be\/#website\"},\"primaryImageOfPage\":{\"@id\":\"https:\/\/visithoogstraten.be\/fr\/5-facons-sympas-de-sejourner-a-hoogstraten\/#primaryimage\"},\"datePublished\":\"2023-04-24T11:38:25+00:00\",\"dateModified\":\"2023-04-24T12:28:54+00:00\",\"breadcrumb\":{\"@id\":\"https:\/\/visithoogstraten.be\/fr\/5-facons-sympas-de-sejourner-a-hoogstraten\/#breadcrumb\"},\"inLanguage\":\"fr-FR\",\"potentialAction\":[{\"@type\":\"ReadAction\",\"target\":[\"https:\/\/visithoogstraten.be\/fr\/5-facons-sympas-de-sejourner-a-hoogstraten\/\"]}]},{\"@type\":\"BreadcrumbList\",\"@id\":\"https:\/\/visithoogstraten.be\/fr\/5-facons-sympas-de-sejourner-a-hoogstraten\/#breadcrumb\",\"itemListElement\":[{\"@type\":\"ListItem\",\"position\":1,\"name\":\"Home\",\"item\":\"https:\/\/visithoogstraten.be\/fr\/\"},{\"@type\":\"ListItem\",\"position\":2,\"name\":\"5 fa\\u00e7ons sympas de s\\u00e9journer \\u00e0 Hoogstraten\"}]}]}<\/script>\n<!-- \/ Yoast SEO plugin. -->","yoast_head_json":{"robots":{"index":"index","follow":"follow","max-snippet":"max-snippet:-1","max-image-preview":"max-image-preview:large","max-video-preview":"max-video-preview:-1"},"canonical":"https:\/\/visithoogstraten.be\/fr\/5-facons-sympas-de-sejourner-a-hoogstraten\/","og_locale":"fr_FR","og_type":"article","og_title":"5 fa\u00e7ons sympas de s\u00e9journer \u00e0 Hoogstraten | VisitHoogstraten","og_description":"Pour profiter pleinement des atouts de Hoogstraten, il...","og_url":"https:\/\/visithoogstraten.be\/fr\/5-facons-sympas-de-sejourner-a-hoogstraten\/","og_site_name":"VisitHoogstraten","article_publisher":"https:\/\/www.facebook.com\/visithoogstraten","article_modified_time":"2023-04-24T12:28:54+00:00","og_image":[{"width":1588,"height":623,"url":"https:\/\/cdn.visithoogstraten.be\/20210831165305\/slaapkamer-1_-e1682337714959.png","type":"image\/png"}],"twitter_card":"summary_large_image","twitter_misc":{"Est. reading time":"4 minutes"},"schema":{"@context":"https:\/\/schema.org","@graph":[{"@type":"WebSite","@id":"https:\/\/visithoogstraten.be\/#website","url":"https:\/\/visithoogstraten.be\/","name":"VisitHoogstraten","description":"Ontdek Hoogstraten","potentialAction":[{"@type":"SearchAction","target":{"@type":"EntryPoint","urlTemplate":"https:\/\/visithoogstraten.be\/?s={search_term_string}"},"query-input":"required name=search_term_string"}],"inLanguage":"fr-FR"},{"@type":"ImageObject","@id":"https:\/\/visithoogstraten.be\/fr\/5-facons-sympas-de-sejourner-a-hoogstraten\/#primaryimage","inLanguage":"fr-FR","url":"https:\/\/cdn.visithoogstraten.be\/20210831165305\/slaapkamer-1_-e1682337714959.png","contentUrl":"https:\/\/cdn.visithoogstraten.be\/20210831165305\/slaapkamer-1_-e1682337714959.png","width":1588,"height":623},{"@type":"WebPage","@id":"https:\/\/visithoogstraten.be\/fr\/5-facons-sympas-de-sejourner-a-hoogstraten\/#webpage","url":"https:\/\/visithoogstraten.be\/fr\/5-facons-sympas-de-sejourner-a-hoogstraten\/","name":"5 fa\u00e7ons sympas de s\u00e9journer \u00e0 Hoogstraten | VisitHoogstraten","isPartOf":{"@id":"https:\/\/visithoogstraten.be\/#website"},"primaryImageOfPage":{"@id":"https:\/\/visithoogstraten.be\/fr\/5-facons-sympas-de-sejourner-a-hoogstraten\/#primaryimage"},"datePublished":"2023-04-24T11:38:25+00:00","dateModified":"2023-04-24T12:28:54+00:00","breadcrumb":{"@id":"https:\/\/visithoogstraten.be\/fr\/5-facons-sympas-de-sejourner-a-hoogstraten\/#breadcrumb"},"inLanguage":"fr-FR","potentialAction":[{"@type":"ReadAction","target":["https:\/\/visithoogstraten.be\/fr\/5-facons-sympas-de-sejourner-a-hoogstraten\/"]}]},{"@type":"BreadcrumbList","@id":"https:\/\/visithoogstraten.be\/fr\/5-facons-sympas-de-sejourner-a-hoogstraten\/#breadcrumb","itemListElement":[{"@type":"ListItem","position":1,"name":"Home","item":"https:\/\/visithoogstraten.be\/fr\/"},{"@type":"ListItem","position":2,"name":"5 fa\u00e7ons sympas de s\u00e9journer \u00e0 Hoogstraten"}]}]}},"_links":{"self":[{"href":"https:\/\/visithoogstraten.be\/fr\/wp-json\/wp\/v2\/pages\/16924"}],"collection":[{"href":"https:\/\/visithoogstraten.be\/fr\/wp-json\/wp\/v2\/pages"}],"about":[{"href":"https:\/\/visithoogstraten.be\/fr\/wp-json\/wp\/v2\/types\/page"}],"author":[{"embeddable":true,"href":"https:\/\/visithoogstraten.be\/fr\/wp-json\/wp\/v2\/users\/1"}],"replies":[{"embeddable":true,"href":"https:\/\/visithoogstraten.be\/fr\/wp-json\/wp\/v2\/comments?post=16924"}],"version-history":[{"count":26,"href":"https:\/\/visithoogstraten.be\/fr\/wp-json\/wp\/v2\/pages\/16924\/revisions"}],"predecessor-version":[{"id":19258,"href":"https:\/\/visithoogstraten.be\/fr\/wp-json\/wp\/v2\/pages\/16924\/revisions\/19258"}],"wp:featuredmedia":[{"embeddable":true,"href":"https:\/\/visithoogstraten.be\/fr\/wp-json\/wp\/v2\/media\/5456"}],"wp:attachment":[{"href":"https:\/\/visithoogstraten.be\/fr\/wp-json\/wp\/v2\/media?parent=16924"}],"curies":[{"name":"wp","href":"https:\/\/api.w.org\/{rel}","templated":true}]}}